{"id":2737,"date":"2023-10-26T10:18:50","date_gmt":"2023-10-26T08:18:50","guid":{"rendered":"https:\/\/strahlgraindryers.com\/tecnologia-costruttiva\/"},"modified":"2025-07-14T12:45:22","modified_gmt":"2025-07-14T10:45:22","slug":"tecnologia-de-construcao","status":"publish","type":"page","link":"https:\/\/strahlgraindryers.com\/pt-pt\/tecnologia-de-construcao\/","title":{"rendered":"Tecnolog\u00eda de constru\u00e7\u00e3o"},"content":{"rendered":"<p>Os secadores Strahl s\u00e3o feitos com materiais e m\u00e3o de obra superiores, usando tecnologia rob\u00f3tica e automa\u00e7\u00e3o de alto n\u00edvel para tornar os produtos s\u00f3lidos, fortes e perfeitos em todas as condi\u00e7\u00f5es. A estrutura \u00e9 sempre montada e testada internamente antes da entrega, para garantir a m\u00e1xima confiabilidade.<\/p>\n","protected":false},"excerpt":{"rendered":"<p>Os secadores Strahl s\u00e3o feitos com materiais e m\u00e3o de obra superiores, usando tecnologia rob\u00f3tica e automa\u00e7\u00e3o de alto n\u00edvel para tornar os produtos s\u00f3lidos, fortes e perfeitos em todas as condi\u00e7\u00f5es. A estrutura \u00e9 sempre montada e testada internamente antes da entrega, para garantir a m\u00e1xima confiabilidade.<\/p>\n","protected":false},"author":1,"featured_media":2739,"parent":0,"menu_order":0,"comment_status":"closed","ping_status":"closed","template":"","meta":{"_acf_changed":false,"footnotes":""},"class_list":["post-2737","page","type-page","status-publish","has-post-thumbnail","hentry"],"acf":[],"yoast_head":"<!-- This site is optimized with the Yoast SEO plugin v27.3 - https:\/\/yoast.com\/product\/yoast-seo-wordpress\/ -->\n<title>Tecnolog\u00eda de constru\u00e7\u00e3o - Strahl<\/title>\n<meta name=\"robots\" content=\"index, follow, max-snippet:-1, max-image-preview:large, max-video-preview:-1\" \/>\n<link rel=\"canonical\" href=\"https:\/\/strahlgraindryers.com\/pt-pt\/tecnologia-de-construcao\/\" \/>\n<meta property=\"og:locale\" content=\"pt_PT\" \/>\n<meta property=\"og:type\" content=\"article\" \/>\n<meta property=\"og:title\" content=\"Tecnolog\u00eda de constru\u00e7\u00e3o - Strahl\" \/>\n<meta property=\"og:description\" content=\"Os secadores Strahl s\u00e3o feitos com materiais e m\u00e3o de obra superiores, usando tecnologia rob\u00f3tica e automa\u00e7\u00e3o de alto n\u00edvel para tornar os produtos s\u00f3lidos, fortes e perfeitos em todas as condi\u00e7\u00f5es. A estrutura \u00e9 sempre montada e testada internamente antes da entrega, para garantir a m\u00e1xima confiabilidade.\" \/>\n<meta property=\"og:url\" content=\"https:\/\/strahlgraindryers.com\/pt-pt\/tecnologia-de-construcao\/\" \/>\n<meta property=\"og:site_name\" content=\"Strahl\" \/>\n<meta property=\"article:publisher\" content=\"https:\/\/www.linkedin.com\/company\/strahl-srl\/\" \/>\n<meta property=\"article:modified_time\" content=\"2025-07-14T10:45:22+00:00\" \/>\n<meta property=\"og:image\" content=\"https:\/\/strahlgraindryers.com\/wp-content\/uploads\/2023\/11\/Strahl__589.jpg\" \/>\n\t<meta property=\"og:image:width\" content=\"1920\" \/>\n\t<meta property=\"og:image:height\" content=\"1281\" \/>\n\t<meta property=\"og:image:type\" content=\"image\/jpeg\" \/>\n<meta name=\"twitter:card\" content=\"summary_large_image\" \/>\n<meta name=\"twitter:label1\" content=\"Tempo estimado de leitura\" \/>\n\t<meta name=\"twitter:data1\" content=\"1 minuto\" \/>\n<script type=\"application\/ld+json\" class=\"yoast-schema-graph\">{\"@context\":\"https:\\\/\\\/schema.org\",\"@graph\":[{\"@type\":\"WebPage\",\"@id\":\"https:\\\/\\\/strahlgraindryers.com\\\/pt-pt\\\/tecnologia-de-construcao\\\/\",\"url\":\"https:\\\/\\\/strahlgraindryers.com\\\/pt-pt\\\/tecnologia-de-construcao\\\/\",\"name\":\"Tecnolog\u00eda de constru\u00e7\u00e3o - Strahl\",\"isPartOf\":{\"@id\":\"https:\\\/\\\/strahlgraindryers.com\\\/pt-pt\\\/#website\"},\"primaryImageOfPage\":{\"@id\":\"https:\\\/\\\/strahlgraindryers.com\\\/pt-pt\\\/tecnologia-de-construcao\\\/#primaryimage\"},\"image\":{\"@id\":\"https:\\\/\\\/strahlgraindryers.com\\\/pt-pt\\\/tecnologia-de-construcao\\\/#primaryimage\"},\"thumbnailUrl\":\"https:\\\/\\\/strahlgraindryers.com\\\/wp-content\\\/uploads\\\/2023\\\/11\\\/Strahl__589.jpg\",\"datePublished\":\"2023-10-26T08:18:50+00:00\",\"dateModified\":\"2025-07-14T10:45:22+00:00\",\"breadcrumb\":{\"@id\":\"https:\\\/\\\/strahlgraindryers.com\\\/pt-pt\\\/tecnologia-de-construcao\\\/#breadcrumb\"},\"inLanguage\":\"pt-PT\",\"potentialAction\":[{\"@type\":\"ReadAction\",\"target\":[\"https:\\\/\\\/strahlgraindryers.com\\\/pt-pt\\\/tecnologia-de-construcao\\\/\"]}]},{\"@type\":\"ImageObject\",\"inLanguage\":\"pt-PT\",\"@id\":\"https:\\\/\\\/strahlgraindryers.com\\\/pt-pt\\\/tecnologia-de-construcao\\\/#primaryimage\",\"url\":\"https:\\\/\\\/strahlgraindryers.com\\\/wp-content\\\/uploads\\\/2023\\\/11\\\/Strahl__589.jpg\",\"contentUrl\":\"https:\\\/\\\/strahlgraindryers.com\\\/wp-content\\\/uploads\\\/2023\\\/11\\\/Strahl__589.jpg\",\"width\":1920,\"height\":1281},{\"@type\":\"BreadcrumbList\",\"@id\":\"https:\\\/\\\/strahlgraindryers.com\\\/pt-pt\\\/tecnologia-de-construcao\\\/#breadcrumb\",\"itemListElement\":[{\"@type\":\"ListItem\",\"position\":1,\"name\":\"Home\",\"item\":\"https:\\\/\\\/strahlgraindryers.com\\\/pt-pt\\\/\"},{\"@type\":\"ListItem\",\"position\":2,\"name\":\"Tecnolog\u00eda de constru\u00e7\u00e3o\"}]},{\"@type\":\"WebSite\",\"@id\":\"https:\\\/\\\/strahlgraindryers.com\\\/pt-pt\\\/#website\",\"url\":\"https:\\\/\\\/strahlgraindryers.com\\\/pt-pt\\\/\",\"name\":\"https:\\\/\\\/strahlgraindryers.com\\\/\",\"description\":\"Grain Dryers\",\"publisher\":{\"@id\":\"https:\\\/\\\/strahlgraindryers.com\\\/pt-pt\\\/#organization\"},\"potentialAction\":[{\"@type\":\"SearchAction\",\"target\":{\"@type\":\"EntryPoint\",\"urlTemplate\":\"https:\\\/\\\/strahlgraindryers.com\\\/pt-pt\\\/?s={search_term_string}\"},\"query-input\":{\"@type\":\"PropertyValueSpecification\",\"valueRequired\":true,\"valueName\":\"search_term_string\"}}],\"inLanguage\":\"pt-PT\"},{\"@type\":\"Organization\",\"@id\":\"https:\\\/\\\/strahlgraindryers.com\\\/pt-pt\\\/#organization\",\"name\":\"Strahl\",\"url\":\"https:\\\/\\\/strahlgraindryers.com\\\/pt-pt\\\/\",\"logo\":{\"@type\":\"ImageObject\",\"inLanguage\":\"pt-PT\",\"@id\":\"https:\\\/\\\/strahlgraindryers.com\\\/pt-pt\\\/#\\\/schema\\\/logo\\\/image\\\/\",\"url\":\"https:\\\/\\\/strahlgraindryers.com\\\/wp-content\\\/uploads\\\/2023\\\/11\\\/Strahl_logo.jpg\",\"contentUrl\":\"https:\\\/\\\/strahlgraindryers.com\\\/wp-content\\\/uploads\\\/2023\\\/11\\\/Strahl_logo.jpg\",\"width\":640,\"height\":140,\"caption\":\"Strahl\"},\"image\":{\"@id\":\"https:\\\/\\\/strahlgraindryers.com\\\/pt-pt\\\/#\\\/schema\\\/logo\\\/image\\\/\"},\"sameAs\":[\"https:\\\/\\\/www.linkedin.com\\\/company\\\/strahl-srl\\\/\"]}]}<\/script>\n<!-- \/ Yoast SEO plugin. -->","yoast_head_json":{"title":"Tecnolog\u00eda de constru\u00e7\u00e3o - Strahl","robots":{"index":"index","follow":"follow","max-snippet":"max-snippet:-1","max-image-preview":"max-image-preview:large","max-video-preview":"max-video-preview:-1"},"canonical":"https:\/\/strahlgraindryers.com\/pt-pt\/tecnologia-de-construcao\/","og_locale":"pt_PT","og_type":"article","og_title":"Tecnolog\u00eda de constru\u00e7\u00e3o - Strahl","og_description":"Os secadores Strahl s\u00e3o feitos com materiais e m\u00e3o de obra superiores, usando tecnologia rob\u00f3tica e automa\u00e7\u00e3o de alto n\u00edvel para tornar os produtos s\u00f3lidos, fortes e perfeitos em todas as condi\u00e7\u00f5es. A estrutura \u00e9 sempre montada e testada internamente antes da entrega, para garantir a m\u00e1xima confiabilidade.","og_url":"https:\/\/strahlgraindryers.com\/pt-pt\/tecnologia-de-construcao\/","og_site_name":"Strahl","article_publisher":"https:\/\/www.linkedin.com\/company\/strahl-srl\/","article_modified_time":"2025-07-14T10:45:22+00:00","og_image":[{"width":1920,"height":1281,"url":"https:\/\/strahlgraindryers.com\/wp-content\/uploads\/2023\/11\/Strahl__589.jpg","type":"image\/jpeg"}],"twitter_card":"summary_large_image","twitter_misc":{"Tempo estimado de leitura":"1 minuto"},"schema":{"@context":"https:\/\/schema.org","@graph":[{"@type":"WebPage","@id":"https:\/\/strahlgraindryers.com\/pt-pt\/tecnologia-de-construcao\/","url":"https:\/\/strahlgraindryers.com\/pt-pt\/tecnologia-de-construcao\/","name":"Tecnolog\u00eda de constru\u00e7\u00e3o - Strahl","isPartOf":{"@id":"https:\/\/strahlgraindryers.com\/pt-pt\/#website"},"primaryImageOfPage":{"@id":"https:\/\/strahlgraindryers.com\/pt-pt\/tecnologia-de-construcao\/#primaryimage"},"image":{"@id":"https:\/\/strahlgraindryers.com\/pt-pt\/tecnologia-de-construcao\/#primaryimage"},"thumbnailUrl":"https:\/\/strahlgraindryers.com\/wp-content\/uploads\/2023\/11\/Strahl__589.jpg","datePublished":"2023-10-26T08:18:50+00:00","dateModified":"2025-07-14T10:45:22+00:00","breadcrumb":{"@id":"https:\/\/strahlgraindryers.com\/pt-pt\/tecnologia-de-construcao\/#breadcrumb"},"inLanguage":"pt-PT","potentialAction":[{"@type":"ReadAction","target":["https:\/\/strahlgraindryers.com\/pt-pt\/tecnologia-de-construcao\/"]}]},{"@type":"ImageObject","inLanguage":"pt-PT","@id":"https:\/\/strahlgraindryers.com\/pt-pt\/tecnologia-de-construcao\/#primaryimage","url":"https:\/\/strahlgraindryers.com\/wp-content\/uploads\/2023\/11\/Strahl__589.jpg","contentUrl":"https:\/\/strahlgraindryers.com\/wp-content\/uploads\/2023\/11\/Strahl__589.jpg","width":1920,"height":1281},{"@type":"BreadcrumbList","@id":"https:\/\/strahlgraindryers.com\/pt-pt\/tecnologia-de-construcao\/#breadcrumb","itemListElement":[{"@type":"ListItem","position":1,"name":"Home","item":"https:\/\/strahlgraindryers.com\/pt-pt\/"},{"@type":"ListItem","position":2,"name":"Tecnolog\u00eda de constru\u00e7\u00e3o"}]},{"@type":"WebSite","@id":"https:\/\/strahlgraindryers.com\/pt-pt\/#website","url":"https:\/\/strahlgraindryers.com\/pt-pt\/","name":"https:\/\/strahlgraindryers.com\/","description":"Grain Dryers","publisher":{"@id":"https:\/\/strahlgraindryers.com\/pt-pt\/#organization"},"potentialAction":[{"@type":"SearchAction","target":{"@type":"EntryPoint","urlTemplate":"https:\/\/strahlgraindryers.com\/pt-pt\/?s={search_term_string}"},"query-input":{"@type":"PropertyValueSpecification","valueRequired":true,"valueName":"search_term_string"}}],"inLanguage":"pt-PT"},{"@type":"Organization","@id":"https:\/\/strahlgraindryers.com\/pt-pt\/#organization","name":"Strahl","url":"https:\/\/strahlgraindryers.com\/pt-pt\/","logo":{"@type":"ImageObject","inLanguage":"pt-PT","@id":"https:\/\/strahlgraindryers.com\/pt-pt\/#\/schema\/logo\/image\/","url":"https:\/\/strahlgraindryers.com\/wp-content\/uploads\/2023\/11\/Strahl_logo.jpg","contentUrl":"https:\/\/strahlgraindryers.com\/wp-content\/uploads\/2023\/11\/Strahl_logo.jpg","width":640,"height":140,"caption":"Strahl"},"image":{"@id":"https:\/\/strahlgraindryers.com\/pt-pt\/#\/schema\/logo\/image\/"},"sameAs":["https:\/\/www.linkedin.com\/company\/strahl-srl\/"]}]}},"_links":{"self":[{"href":"https:\/\/strahlgraindryers.com\/pt-pt\/wp-json\/wp\/v2\/pages\/2737","targetHints":{"allow":["GET"]}}],"collection":[{"href":"https:\/\/strahlgraindryers.com\/pt-pt\/wp-json\/wp\/v2\/pages"}],"about":[{"href":"https:\/\/strahlgraindryers.com\/pt-pt\/wp-json\/wp\/v2\/types\/page"}],"author":[{"embeddable":true,"href":"https:\/\/strahlgraindryers.com\/pt-pt\/wp-json\/wp\/v2\/users\/1"}],"replies":[{"embeddable":true,"href":"https:\/\/strahlgraindryers.com\/pt-pt\/wp-json\/wp\/v2\/comments?post=2737"}],"version-history":[{"count":2,"href":"https:\/\/strahlgraindryers.com\/pt-pt\/wp-json\/wp\/v2\/pages\/2737\/revisions"}],"predecessor-version":[{"id":2752,"href":"https:\/\/strahlgraindryers.com\/pt-pt\/wp-json\/wp\/v2\/pages\/2737\/revisions\/2752"}],"wp:featuredmedia":[{"embeddable":true,"href":"https:\/\/strahlgraindryers.com\/pt-pt\/wp-json\/wp\/v2\/media\/2739"}],"wp:attachment":[{"href":"https:\/\/strahlgraindryers.com\/pt-pt\/wp-json\/wp\/v2\/media?parent=2737"}],"curies":[{"name":"wp","href":"https:\/\/api.w.org\/{rel}","templated":true}]}}