{"id":2015,"date":"2023-10-26T09:31:20","date_gmt":"2023-10-26T07:31:20","guid":{"rendered":"https:\/\/strahlgraindryers.com\/chi-siamo\/"},"modified":"2025-06-12T10:45:14","modified_gmt":"2025-06-12T08:45:14","slug":"qui-nous-sommes","status":"publish","type":"page","link":"https:\/\/strahlgraindryers.com\/fr\/qui-nous-sommes\/","title":{"rendered":"Qui nous sommes"},"content":{"rendered":"<p>Technologies de s\u00e9chage depuis 1966. De Villorba, Tr\u00e9vise, o\u00f9 elle est n\u00e9e et o\u00f9 elle maintient ses racines op\u00e9rationnelles et productives, Strahl est devenue au fil du temps l&rsquo;un des acteurs mondiaux du secteur avec des milliers de s\u00e9choirs produits et des dizaines de march\u00e9s desservis dans le monde entier.<\/p>\n<p>La capacit\u00e9 d&rsquo;innovation, la personnalisation, la fiabilit\u00e9, l&rsquo;attention m\u00e9ticuleuse port\u00e9e au service apr\u00e8s-vente sont les facteurs qui ont permis \u00e0 l&rsquo;entreprise de se forger une solide r\u00e9putation internationale : aujourd&rsquo;hui Strahl est le leader europ\u00e9en du secteur des s\u00e9choirs \u00e0 c\u00e9r\u00e9ales, avec plus de 80% de la production destin\u00e9e \u00e0 l&rsquo;\u00e9tranger et une expansion vers de nouveaux march\u00e9s qui continue de cro\u00eetre. La r\u00e9cente acquisition de la marque de s\u00e9choirs mobiles Agrimec, int\u00e9gr\u00e9e dans son syst\u00e8me, a permis \u00e0 Strahl de poursuivre la mise en \u0153uvre d&rsquo;une offre de produits. complet et flexible.<\/p>\n<p><strong>Strahl investit constamment dans les innovations num\u00e9riques et la recherche \u00e9co-durable, en se dotant des outils les plus avanc\u00e9s en mati\u00e8re de technologies li\u00e9es \u00e0 l&rsquo;agriculture. Une tension vers l&rsquo;avenir et l&rsquo;innovation pour r\u00e9pondre efficacement aux nouveaux besoins de ses clients, partout dans le monde.<\/strong><\/p>\n","protected":false},"excerpt":{"rendered":"<p>Technologies de s\u00e9chage depuis 1966. De Villorba, Tr\u00e9vise, o\u00f9 elle est n\u00e9e et o\u00f9 elle maintient ses racines op\u00e9rationnelles et productives, Strahl est devenue au fil du temps l&rsquo;un des acteurs mondiaux du secteur avec des milliers de s\u00e9choirs produits et des dizaines de march\u00e9s desservis dans le monde entier. La capacit\u00e9 d&rsquo;innovation, la personnalisation, [&hellip;]<\/p>\n","protected":false},"author":1,"featured_media":1765,"parent":0,"menu_order":0,"comment_status":"closed","ping_status":"closed","template":"template-page\/page-about.php","meta":{"_acf_changed":false,"footnotes":""},"class_list":["post-2015","page","type-page","status-publish","has-post-thumbnail","hentry"],"acf":[],"yoast_head":"<!-- This site is optimized with the Yoast SEO plugin v27.3 - https:\/\/yoast.com\/product\/yoast-seo-wordpress\/ -->\n<title>Qui nous sommes - Strahl<\/title>\n<meta name=\"description\" content=\"Avec plus de 50 ans d&#039;exp\u00e9rience dans la production de s\u00e9choirs \u00e0 grains \u00e0 l&#039;\u00e9chelle mondiale des s\u00e9choirs fixes et les s\u00e9choirs mobiles.\" \/>\n<meta name=\"robots\" content=\"index, follow, max-snippet:-1, max-image-preview:large, max-video-preview:-1\" \/>\n<link rel=\"canonical\" href=\"https:\/\/strahlgraindryers.com\/fr\/qui-nous-sommes\/\" \/>\n<meta property=\"og:locale\" content=\"fr_FR\" \/>\n<meta property=\"og:type\" content=\"article\" \/>\n<meta property=\"og:title\" content=\"Qui nous sommes - Strahl\" \/>\n<meta property=\"og:description\" content=\"Avec plus de 50 ans d&#039;exp\u00e9rience dans la production de s\u00e9choirs \u00e0 grains \u00e0 l&#039;\u00e9chelle mondiale des s\u00e9choirs fixes et les s\u00e9choirs mobiles.\" \/>\n<meta property=\"og:url\" content=\"https:\/\/strahlgraindryers.com\/fr\/qui-nous-sommes\/\" \/>\n<meta property=\"og:site_name\" content=\"Strahl\" \/>\n<meta property=\"article:publisher\" content=\"https:\/\/www.linkedin.com\/company\/strahl-srl\/\" \/>\n<meta property=\"article:modified_time\" content=\"2025-06-12T08:45:14+00:00\" \/>\n<meta property=\"og:image\" content=\"https:\/\/strahlgraindryers.com\/wp-content\/uploads\/2023\/10\/strahl_grain_drayer.jpg\" \/>\n\t<meta property=\"og:image:width\" content=\"1920\" \/>\n\t<meta property=\"og:image:height\" content=\"1282\" \/>\n\t<meta property=\"og:image:type\" content=\"image\/jpeg\" \/>\n<meta name=\"twitter:card\" content=\"summary_large_image\" \/>\n<meta name=\"twitter:label1\" content=\"Dur\u00e9e de lecture estim\u00e9e\" \/>\n\t<meta name=\"twitter:data1\" content=\"2 minutes\" \/>\n<script type=\"application\/ld+json\" class=\"yoast-schema-graph\">{\"@context\":\"https:\\\/\\\/schema.org\",\"@graph\":[{\"@type\":\"WebPage\",\"@id\":\"https:\\\/\\\/strahlgraindryers.com\\\/fr\\\/qui-nous-sommes\\\/\",\"url\":\"https:\\\/\\\/strahlgraindryers.com\\\/fr\\\/qui-nous-sommes\\\/\",\"name\":\"Qui nous sommes - Strahl\",\"isPartOf\":{\"@id\":\"https:\\\/\\\/strahlgraindryers.com\\\/fr\\\/#website\"},\"primaryImageOfPage\":{\"@id\":\"https:\\\/\\\/strahlgraindryers.com\\\/fr\\\/qui-nous-sommes\\\/#primaryimage\"},\"image\":{\"@id\":\"https:\\\/\\\/strahlgraindryers.com\\\/fr\\\/qui-nous-sommes\\\/#primaryimage\"},\"thumbnailUrl\":\"https:\\\/\\\/strahlgraindryers.com\\\/wp-content\\\/uploads\\\/2023\\\/10\\\/strahl_grain_drayer.jpg\",\"datePublished\":\"2023-10-26T07:31:20+00:00\",\"dateModified\":\"2025-06-12T08:45:14+00:00\",\"description\":\"Avec plus de 50 ans d'exp\u00e9rience dans la production de s\u00e9choirs \u00e0 grains \u00e0 l'\u00e9chelle mondiale des s\u00e9choirs fixes et les s\u00e9choirs mobiles.\",\"breadcrumb\":{\"@id\":\"https:\\\/\\\/strahlgraindryers.com\\\/fr\\\/qui-nous-sommes\\\/#breadcrumb\"},\"inLanguage\":\"fr-FR\",\"potentialAction\":[{\"@type\":\"ReadAction\",\"target\":[\"https:\\\/\\\/strahlgraindryers.com\\\/fr\\\/qui-nous-sommes\\\/\"]}]},{\"@type\":\"ImageObject\",\"inLanguage\":\"fr-FR\",\"@id\":\"https:\\\/\\\/strahlgraindryers.com\\\/fr\\\/qui-nous-sommes\\\/#primaryimage\",\"url\":\"https:\\\/\\\/strahlgraindryers.com\\\/wp-content\\\/uploads\\\/2023\\\/10\\\/strahl_grain_drayer.jpg\",\"contentUrl\":\"https:\\\/\\\/strahlgraindryers.com\\\/wp-content\\\/uploads\\\/2023\\\/10\\\/strahl_grain_drayer.jpg\",\"width\":1920,\"height\":1282},{\"@type\":\"BreadcrumbList\",\"@id\":\"https:\\\/\\\/strahlgraindryers.com\\\/fr\\\/qui-nous-sommes\\\/#breadcrumb\",\"itemListElement\":[{\"@type\":\"ListItem\",\"position\":1,\"name\":\"Home\",\"item\":\"https:\\\/\\\/strahlgraindryers.com\\\/fr\\\/\"},{\"@type\":\"ListItem\",\"position\":2,\"name\":\"Qui nous sommes\"}]},{\"@type\":\"WebSite\",\"@id\":\"https:\\\/\\\/strahlgraindryers.com\\\/fr\\\/#website\",\"url\":\"https:\\\/\\\/strahlgraindryers.com\\\/fr\\\/\",\"name\":\"https:\\\/\\\/strahlgraindryers.com\\\/\",\"description\":\"Grain Dryers\",\"publisher\":{\"@id\":\"https:\\\/\\\/strahlgraindryers.com\\\/fr\\\/#organization\"},\"potentialAction\":[{\"@type\":\"SearchAction\",\"target\":{\"@type\":\"EntryPoint\",\"urlTemplate\":\"https:\\\/\\\/strahlgraindryers.com\\\/fr\\\/?s={search_term_string}\"},\"query-input\":{\"@type\":\"PropertyValueSpecification\",\"valueRequired\":true,\"valueName\":\"search_term_string\"}}],\"inLanguage\":\"fr-FR\"},{\"@type\":\"Organization\",\"@id\":\"https:\\\/\\\/strahlgraindryers.com\\\/fr\\\/#organization\",\"name\":\"Strahl\",\"url\":\"https:\\\/\\\/strahlgraindryers.com\\\/fr\\\/\",\"logo\":{\"@type\":\"ImageObject\",\"inLanguage\":\"fr-FR\",\"@id\":\"https:\\\/\\\/strahlgraindryers.com\\\/fr\\\/#\\\/schema\\\/logo\\\/image\\\/\",\"url\":\"https:\\\/\\\/strahlgraindryers.com\\\/wp-content\\\/uploads\\\/2023\\\/11\\\/Strahl_logo.jpg\",\"contentUrl\":\"https:\\\/\\\/strahlgraindryers.com\\\/wp-content\\\/uploads\\\/2023\\\/11\\\/Strahl_logo.jpg\",\"width\":640,\"height\":140,\"caption\":\"Strahl\"},\"image\":{\"@id\":\"https:\\\/\\\/strahlgraindryers.com\\\/fr\\\/#\\\/schema\\\/logo\\\/image\\\/\"},\"sameAs\":[\"https:\\\/\\\/www.linkedin.com\\\/company\\\/strahl-srl\\\/\"]}]}<\/script>\n<!-- \/ Yoast SEO plugin. -->","yoast_head_json":{"title":"Qui nous sommes - Strahl","description":"Avec plus de 50 ans d'exp\u00e9rience dans la production de s\u00e9choirs \u00e0 grains \u00e0 l'\u00e9chelle mondiale des s\u00e9choirs fixes et les s\u00e9choirs mobiles.","robots":{"index":"index","follow":"follow","max-snippet":"max-snippet:-1","max-image-preview":"max-image-preview:large","max-video-preview":"max-video-preview:-1"},"canonical":"https:\/\/strahlgraindryers.com\/fr\/qui-nous-sommes\/","og_locale":"fr_FR","og_type":"article","og_title":"Qui nous sommes - Strahl","og_description":"Avec plus de 50 ans d'exp\u00e9rience dans la production de s\u00e9choirs \u00e0 grains \u00e0 l'\u00e9chelle mondiale des s\u00e9choirs fixes et les s\u00e9choirs mobiles.","og_url":"https:\/\/strahlgraindryers.com\/fr\/qui-nous-sommes\/","og_site_name":"Strahl","article_publisher":"https:\/\/www.linkedin.com\/company\/strahl-srl\/","article_modified_time":"2025-06-12T08:45:14+00:00","og_image":[{"width":1920,"height":1282,"url":"https:\/\/strahlgraindryers.com\/wp-content\/uploads\/2023\/10\/strahl_grain_drayer.jpg","type":"image\/jpeg"}],"twitter_card":"summary_large_image","twitter_misc":{"Dur\u00e9e de lecture estim\u00e9e":"2 minutes"},"schema":{"@context":"https:\/\/schema.org","@graph":[{"@type":"WebPage","@id":"https:\/\/strahlgraindryers.com\/fr\/qui-nous-sommes\/","url":"https:\/\/strahlgraindryers.com\/fr\/qui-nous-sommes\/","name":"Qui nous sommes - Strahl","isPartOf":{"@id":"https:\/\/strahlgraindryers.com\/fr\/#website"},"primaryImageOfPage":{"@id":"https:\/\/strahlgraindryers.com\/fr\/qui-nous-sommes\/#primaryimage"},"image":{"@id":"https:\/\/strahlgraindryers.com\/fr\/qui-nous-sommes\/#primaryimage"},"thumbnailUrl":"https:\/\/strahlgraindryers.com\/wp-content\/uploads\/2023\/10\/strahl_grain_drayer.jpg","datePublished":"2023-10-26T07:31:20+00:00","dateModified":"2025-06-12T08:45:14+00:00","description":"Avec plus de 50 ans d'exp\u00e9rience dans la production de s\u00e9choirs \u00e0 grains \u00e0 l'\u00e9chelle mondiale des s\u00e9choirs fixes et les s\u00e9choirs mobiles.","breadcrumb":{"@id":"https:\/\/strahlgraindryers.com\/fr\/qui-nous-sommes\/#breadcrumb"},"inLanguage":"fr-FR","potentialAction":[{"@type":"ReadAction","target":["https:\/\/strahlgraindryers.com\/fr\/qui-nous-sommes\/"]}]},{"@type":"ImageObject","inLanguage":"fr-FR","@id":"https:\/\/strahlgraindryers.com\/fr\/qui-nous-sommes\/#primaryimage","url":"https:\/\/strahlgraindryers.com\/wp-content\/uploads\/2023\/10\/strahl_grain_drayer.jpg","contentUrl":"https:\/\/strahlgraindryers.com\/wp-content\/uploads\/2023\/10\/strahl_grain_drayer.jpg","width":1920,"height":1282},{"@type":"BreadcrumbList","@id":"https:\/\/strahlgraindryers.com\/fr\/qui-nous-sommes\/#breadcrumb","itemListElement":[{"@type":"ListItem","position":1,"name":"Home","item":"https:\/\/strahlgraindryers.com\/fr\/"},{"@type":"ListItem","position":2,"name":"Qui nous sommes"}]},{"@type":"WebSite","@id":"https:\/\/strahlgraindryers.com\/fr\/#website","url":"https:\/\/strahlgraindryers.com\/fr\/","name":"https:\/\/strahlgraindryers.com\/","description":"Grain Dryers","publisher":{"@id":"https:\/\/strahlgraindryers.com\/fr\/#organization"},"potentialAction":[{"@type":"SearchAction","target":{"@type":"EntryPoint","urlTemplate":"https:\/\/strahlgraindryers.com\/fr\/?s={search_term_string}"},"query-input":{"@type":"PropertyValueSpecification","valueRequired":true,"valueName":"search_term_string"}}],"inLanguage":"fr-FR"},{"@type":"Organization","@id":"https:\/\/strahlgraindryers.com\/fr\/#organization","name":"Strahl","url":"https:\/\/strahlgraindryers.com\/fr\/","logo":{"@type":"ImageObject","inLanguage":"fr-FR","@id":"https:\/\/strahlgraindryers.com\/fr\/#\/schema\/logo\/image\/","url":"https:\/\/strahlgraindryers.com\/wp-content\/uploads\/2023\/11\/Strahl_logo.jpg","contentUrl":"https:\/\/strahlgraindryers.com\/wp-content\/uploads\/2023\/11\/Strahl_logo.jpg","width":640,"height":140,"caption":"Strahl"},"image":{"@id":"https:\/\/strahlgraindryers.com\/fr\/#\/schema\/logo\/image\/"},"sameAs":["https:\/\/www.linkedin.com\/company\/strahl-srl\/"]}]}},"_links":{"self":[{"href":"https:\/\/strahlgraindryers.com\/fr\/wp-json\/wp\/v2\/pages\/2015","targetHints":{"allow":["GET"]}}],"collection":[{"href":"https:\/\/strahlgraindryers.com\/fr\/wp-json\/wp\/v2\/pages"}],"about":[{"href":"https:\/\/strahlgraindryers.com\/fr\/wp-json\/wp\/v2\/types\/page"}],"author":[{"embeddable":true,"href":"https:\/\/strahlgraindryers.com\/fr\/wp-json\/wp\/v2\/users\/1"}],"replies":[{"embeddable":true,"href":"https:\/\/strahlgraindryers.com\/fr\/wp-json\/wp\/v2\/comments?post=2015"}],"version-history":[{"count":3,"href":"https:\/\/strahlgraindryers.com\/fr\/wp-json\/wp\/v2\/pages\/2015\/revisions"}],"predecessor-version":[{"id":2016,"href":"https:\/\/strahlgraindryers.com\/fr\/wp-json\/wp\/v2\/pages\/2015\/revisions\/2016"}],"wp:featuredmedia":[{"embeddable":true,"href":"https:\/\/strahlgraindryers.com\/fr\/wp-json\/wp\/v2\/media\/1765"}],"wp:attachment":[{"href":"https:\/\/strahlgraindryers.com\/fr\/wp-json\/wp\/v2\/media?parent=2015"}],"curies":[{"name":"wp","href":"https:\/\/api.w.org\/{rel}","templated":true}]}}