{"id":1854,"date":"2023-10-26T10:47:58","date_gmt":"2023-10-26T08:47:58","guid":{"rendered":"https:\/\/strahlgraindryers.com\/efficienza-energetica\/"},"modified":"2025-05-29T22:52:32","modified_gmt":"2025-05-29T20:52:32","slug":"efficacite-energetique","status":"publish","type":"page","link":"https:\/\/strahlgraindryers.com\/fr\/efficacite-energetique\/","title":{"rendered":"Efficacit\u00e9 \u00e9nerg\u00e9tique"},"content":{"rendered":"<p>Pour contenir la consommation \u00e9nerg\u00e9tique, nos s\u00e9cheurs sont \u00e9quip\u00e9s de dispositifs de contr\u00f4le et de gestion de toutes les phases op\u00e9rationnelles, optimisant les ressources utilis\u00e9es et minimisant la dispersion \u00e9nerg\u00e9tique. Gr\u00e2ce \u00e0 ces solutions, les s\u00e9cheurs Strahl sont capables de limiter concr\u00e8tement la dispersion, le gaspillage et la consommation, augmentant ainsi consid\u00e9rablement l&rsquo;efficacit\u00e9 et la durabilit\u00e9 des processus.<\/p>\n","protected":false},"excerpt":{"rendered":"<p>Pour contenir la consommation \u00e9nerg\u00e9tique, nos s\u00e9cheurs sont \u00e9quip\u00e9s de dispositifs de contr\u00f4le et de gestion de toutes les phases op\u00e9rationnelles, optimisant les ressources utilis\u00e9es et minimisant la dispersion \u00e9nerg\u00e9tique. Gr\u00e2ce \u00e0 ces solutions, les s\u00e9cheurs Strahl sont capables de limiter concr\u00e8tement la dispersion, le gaspillage et la consommation, augmentant ainsi consid\u00e9rablement l&rsquo;efficacit\u00e9 et la [&hellip;]<\/p>\n","protected":false},"author":1,"featured_media":1856,"parent":0,"menu_order":0,"comment_status":"closed","ping_status":"closed","template":"","meta":{"_acf_changed":false,"footnotes":""},"class_list":["post-1854","page","type-page","status-publish","has-post-thumbnail","hentry"],"acf":[],"yoast_head":"<!-- This site is optimized with the Yoast SEO plugin v27.3 - https:\/\/yoast.com\/product\/yoast-seo-wordpress\/ -->\n<title>Efficacit\u00e9 \u00e9nerg\u00e9tique - Strahl<\/title>\n<meta name=\"description\" content=\"optimisant les ressources utilis\u00e9es et minimisant la dispersion \u00e9nerg\u00e9tique\" \/>\n<meta name=\"robots\" content=\"index, follow, max-snippet:-1, max-image-preview:large, max-video-preview:-1\" \/>\n<link rel=\"canonical\" href=\"https:\/\/strahlgraindryers.com\/fr\/efficacite-energetique\/\" \/>\n<meta property=\"og:locale\" content=\"fr_FR\" \/>\n<meta property=\"og:type\" content=\"article\" \/>\n<meta property=\"og:title\" content=\"Efficacit\u00e9 \u00e9nerg\u00e9tique - Strahl\" \/>\n<meta property=\"og:description\" content=\"optimisant les ressources utilis\u00e9es et minimisant la dispersion \u00e9nerg\u00e9tique\" \/>\n<meta property=\"og:url\" content=\"https:\/\/strahlgraindryers.com\/fr\/efficacite-energetique\/\" \/>\n<meta property=\"og:site_name\" content=\"Strahl\" \/>\n<meta property=\"article:publisher\" content=\"https:\/\/www.linkedin.com\/company\/strahl-srl\/\" \/>\n<meta property=\"article:modified_time\" content=\"2025-05-29T20:52:32+00:00\" \/>\n<meta property=\"og:image\" content=\"https:\/\/strahlgraindryers.com\/wp-content\/uploads\/2023\/10\/Strahl__043.jpg\" \/>\n\t<meta property=\"og:image:width\" content=\"1920\" \/>\n\t<meta property=\"og:image:height\" content=\"1281\" \/>\n\t<meta property=\"og:image:type\" content=\"image\/jpeg\" \/>\n<meta name=\"twitter:card\" content=\"summary_large_image\" \/>\n<meta name=\"twitter:label1\" content=\"Dur\u00e9e de lecture estim\u00e9e\" \/>\n\t<meta name=\"twitter:data1\" content=\"1 minute\" \/>\n<script type=\"application\/ld+json\" class=\"yoast-schema-graph\">{\"@context\":\"https:\\\/\\\/schema.org\",\"@graph\":[{\"@type\":\"WebPage\",\"@id\":\"https:\\\/\\\/strahlgraindryers.com\\\/fr\\\/efficacite-energetique\\\/\",\"url\":\"https:\\\/\\\/strahlgraindryers.com\\\/fr\\\/efficacite-energetique\\\/\",\"name\":\"Efficacit\u00e9 \u00e9nerg\u00e9tique - Strahl\",\"isPartOf\":{\"@id\":\"https:\\\/\\\/strahlgraindryers.com\\\/fr\\\/#website\"},\"primaryImageOfPage\":{\"@id\":\"https:\\\/\\\/strahlgraindryers.com\\\/fr\\\/efficacite-energetique\\\/#primaryimage\"},\"image\":{\"@id\":\"https:\\\/\\\/strahlgraindryers.com\\\/fr\\\/efficacite-energetique\\\/#primaryimage\"},\"thumbnailUrl\":\"https:\\\/\\\/strahlgraindryers.com\\\/wp-content\\\/uploads\\\/2023\\\/10\\\/Strahl__043.jpg\",\"datePublished\":\"2023-10-26T08:47:58+00:00\",\"dateModified\":\"2025-05-29T20:52:32+00:00\",\"description\":\"optimisant les ressources utilis\u00e9es et minimisant la dispersion \u00e9nerg\u00e9tique\",\"breadcrumb\":{\"@id\":\"https:\\\/\\\/strahlgraindryers.com\\\/fr\\\/efficacite-energetique\\\/#breadcrumb\"},\"inLanguage\":\"fr-FR\",\"potentialAction\":[{\"@type\":\"ReadAction\",\"target\":[\"https:\\\/\\\/strahlgraindryers.com\\\/fr\\\/efficacite-energetique\\\/\"]}]},{\"@type\":\"ImageObject\",\"inLanguage\":\"fr-FR\",\"@id\":\"https:\\\/\\\/strahlgraindryers.com\\\/fr\\\/efficacite-energetique\\\/#primaryimage\",\"url\":\"https:\\\/\\\/strahlgraindryers.com\\\/wp-content\\\/uploads\\\/2023\\\/10\\\/Strahl__043.jpg\",\"contentUrl\":\"https:\\\/\\\/strahlgraindryers.com\\\/wp-content\\\/uploads\\\/2023\\\/10\\\/Strahl__043.jpg\",\"width\":1920,\"height\":1281},{\"@type\":\"BreadcrumbList\",\"@id\":\"https:\\\/\\\/strahlgraindryers.com\\\/fr\\\/efficacite-energetique\\\/#breadcrumb\",\"itemListElement\":[{\"@type\":\"ListItem\",\"position\":1,\"name\":\"Home\",\"item\":\"https:\\\/\\\/strahlgraindryers.com\\\/fr\\\/\"},{\"@type\":\"ListItem\",\"position\":2,\"name\":\"Efficacit\u00e9 \u00e9nerg\u00e9tique\"}]},{\"@type\":\"WebSite\",\"@id\":\"https:\\\/\\\/strahlgraindryers.com\\\/fr\\\/#website\",\"url\":\"https:\\\/\\\/strahlgraindryers.com\\\/fr\\\/\",\"name\":\"https:\\\/\\\/strahlgraindryers.com\\\/\",\"description\":\"Grain Dryers\",\"publisher\":{\"@id\":\"https:\\\/\\\/strahlgraindryers.com\\\/fr\\\/#organization\"},\"potentialAction\":[{\"@type\":\"SearchAction\",\"target\":{\"@type\":\"EntryPoint\",\"urlTemplate\":\"https:\\\/\\\/strahlgraindryers.com\\\/fr\\\/?s={search_term_string}\"},\"query-input\":{\"@type\":\"PropertyValueSpecification\",\"valueRequired\":true,\"valueName\":\"search_term_string\"}}],\"inLanguage\":\"fr-FR\"},{\"@type\":\"Organization\",\"@id\":\"https:\\\/\\\/strahlgraindryers.com\\\/fr\\\/#organization\",\"name\":\"Strahl\",\"url\":\"https:\\\/\\\/strahlgraindryers.com\\\/fr\\\/\",\"logo\":{\"@type\":\"ImageObject\",\"inLanguage\":\"fr-FR\",\"@id\":\"https:\\\/\\\/strahlgraindryers.com\\\/fr\\\/#\\\/schema\\\/logo\\\/image\\\/\",\"url\":\"https:\\\/\\\/strahlgraindryers.com\\\/wp-content\\\/uploads\\\/2023\\\/11\\\/Strahl_logo.jpg\",\"contentUrl\":\"https:\\\/\\\/strahlgraindryers.com\\\/wp-content\\\/uploads\\\/2023\\\/11\\\/Strahl_logo.jpg\",\"width\":640,\"height\":140,\"caption\":\"Strahl\"},\"image\":{\"@id\":\"https:\\\/\\\/strahlgraindryers.com\\\/fr\\\/#\\\/schema\\\/logo\\\/image\\\/\"},\"sameAs\":[\"https:\\\/\\\/www.linkedin.com\\\/company\\\/strahl-srl\\\/\"]}]}<\/script>\n<!-- \/ Yoast SEO plugin. -->","yoast_head_json":{"title":"Efficacit\u00e9 \u00e9nerg\u00e9tique - Strahl","description":"optimisant les ressources utilis\u00e9es et minimisant la dispersion \u00e9nerg\u00e9tique","robots":{"index":"index","follow":"follow","max-snippet":"max-snippet:-1","max-image-preview":"max-image-preview:large","max-video-preview":"max-video-preview:-1"},"canonical":"https:\/\/strahlgraindryers.com\/fr\/efficacite-energetique\/","og_locale":"fr_FR","og_type":"article","og_title":"Efficacit\u00e9 \u00e9nerg\u00e9tique - Strahl","og_description":"optimisant les ressources utilis\u00e9es et minimisant la dispersion \u00e9nerg\u00e9tique","og_url":"https:\/\/strahlgraindryers.com\/fr\/efficacite-energetique\/","og_site_name":"Strahl","article_publisher":"https:\/\/www.linkedin.com\/company\/strahl-srl\/","article_modified_time":"2025-05-29T20:52:32+00:00","og_image":[{"width":1920,"height":1281,"url":"https:\/\/strahlgraindryers.com\/wp-content\/uploads\/2023\/10\/Strahl__043.jpg","type":"image\/jpeg"}],"twitter_card":"summary_large_image","twitter_misc":{"Dur\u00e9e de lecture estim\u00e9e":"1 minute"},"schema":{"@context":"https:\/\/schema.org","@graph":[{"@type":"WebPage","@id":"https:\/\/strahlgraindryers.com\/fr\/efficacite-energetique\/","url":"https:\/\/strahlgraindryers.com\/fr\/efficacite-energetique\/","name":"Efficacit\u00e9 \u00e9nerg\u00e9tique - Strahl","isPartOf":{"@id":"https:\/\/strahlgraindryers.com\/fr\/#website"},"primaryImageOfPage":{"@id":"https:\/\/strahlgraindryers.com\/fr\/efficacite-energetique\/#primaryimage"},"image":{"@id":"https:\/\/strahlgraindryers.com\/fr\/efficacite-energetique\/#primaryimage"},"thumbnailUrl":"https:\/\/strahlgraindryers.com\/wp-content\/uploads\/2023\/10\/Strahl__043.jpg","datePublished":"2023-10-26T08:47:58+00:00","dateModified":"2025-05-29T20:52:32+00:00","description":"optimisant les ressources utilis\u00e9es et minimisant la dispersion \u00e9nerg\u00e9tique","breadcrumb":{"@id":"https:\/\/strahlgraindryers.com\/fr\/efficacite-energetique\/#breadcrumb"},"inLanguage":"fr-FR","potentialAction":[{"@type":"ReadAction","target":["https:\/\/strahlgraindryers.com\/fr\/efficacite-energetique\/"]}]},{"@type":"ImageObject","inLanguage":"fr-FR","@id":"https:\/\/strahlgraindryers.com\/fr\/efficacite-energetique\/#primaryimage","url":"https:\/\/strahlgraindryers.com\/wp-content\/uploads\/2023\/10\/Strahl__043.jpg","contentUrl":"https:\/\/strahlgraindryers.com\/wp-content\/uploads\/2023\/10\/Strahl__043.jpg","width":1920,"height":1281},{"@type":"BreadcrumbList","@id":"https:\/\/strahlgraindryers.com\/fr\/efficacite-energetique\/#breadcrumb","itemListElement":[{"@type":"ListItem","position":1,"name":"Home","item":"https:\/\/strahlgraindryers.com\/fr\/"},{"@type":"ListItem","position":2,"name":"Efficacit\u00e9 \u00e9nerg\u00e9tique"}]},{"@type":"WebSite","@id":"https:\/\/strahlgraindryers.com\/fr\/#website","url":"https:\/\/strahlgraindryers.com\/fr\/","name":"https:\/\/strahlgraindryers.com\/","description":"Grain Dryers","publisher":{"@id":"https:\/\/strahlgraindryers.com\/fr\/#organization"},"potentialAction":[{"@type":"SearchAction","target":{"@type":"EntryPoint","urlTemplate":"https:\/\/strahlgraindryers.com\/fr\/?s={search_term_string}"},"query-input":{"@type":"PropertyValueSpecification","valueRequired":true,"valueName":"search_term_string"}}],"inLanguage":"fr-FR"},{"@type":"Organization","@id":"https:\/\/strahlgraindryers.com\/fr\/#organization","name":"Strahl","url":"https:\/\/strahlgraindryers.com\/fr\/","logo":{"@type":"ImageObject","inLanguage":"fr-FR","@id":"https:\/\/strahlgraindryers.com\/fr\/#\/schema\/logo\/image\/","url":"https:\/\/strahlgraindryers.com\/wp-content\/uploads\/2023\/11\/Strahl_logo.jpg","contentUrl":"https:\/\/strahlgraindryers.com\/wp-content\/uploads\/2023\/11\/Strahl_logo.jpg","width":640,"height":140,"caption":"Strahl"},"image":{"@id":"https:\/\/strahlgraindryers.com\/fr\/#\/schema\/logo\/image\/"},"sameAs":["https:\/\/www.linkedin.com\/company\/strahl-srl\/"]}]}},"_links":{"self":[{"href":"https:\/\/strahlgraindryers.com\/fr\/wp-json\/wp\/v2\/pages\/1854","targetHints":{"allow":["GET"]}}],"collection":[{"href":"https:\/\/strahlgraindryers.com\/fr\/wp-json\/wp\/v2\/pages"}],"about":[{"href":"https:\/\/strahlgraindryers.com\/fr\/wp-json\/wp\/v2\/types\/page"}],"author":[{"embeddable":true,"href":"https:\/\/strahlgraindryers.com\/fr\/wp-json\/wp\/v2\/users\/1"}],"replies":[{"embeddable":true,"href":"https:\/\/strahlgraindryers.com\/fr\/wp-json\/wp\/v2\/comments?post=1854"}],"version-history":[{"count":3,"href":"https:\/\/strahlgraindryers.com\/fr\/wp-json\/wp\/v2\/pages\/1854\/revisions"}],"predecessor-version":[{"id":1883,"href":"https:\/\/strahlgraindryers.com\/fr\/wp-json\/wp\/v2\/pages\/1854\/revisions\/1883"}],"wp:featuredmedia":[{"embeddable":true,"href":"https:\/\/strahlgraindryers.com\/fr\/wp-json\/wp\/v2\/media\/1856"}],"wp:attachment":[{"href":"https:\/\/strahlgraindryers.com\/fr\/wp-json\/wp\/v2\/media?parent=1854"}],"curies":[{"name":"wp","href":"https:\/\/api.w.org\/{rel}","templated":true}]}}