{"id":1838,"date":"2023-10-26T10:18:50","date_gmt":"2023-10-26T08:18:50","guid":{"rendered":"https:\/\/strahlgraindryers.com\/tecnologia-costruttiva\/"},"modified":"2025-05-29T22:54:17","modified_gmt":"2025-05-29T20:54:17","slug":"technologie-de-construction","status":"publish","type":"page","link":"https:\/\/strahlgraindryers.com\/fr\/technologie-de-construction\/","title":{"rendered":"technologie de construction"},"content":{"rendered":"<p>Les s\u00e9choirs Strahl sont fabriqu\u00e9s avec des mat\u00e9riaux et une finition de niveau et de qualit\u00e9 sup\u00e9rieurs, en utilisant des technologies robotiques hautement automatis\u00e9es pour rendre les produits solides, r\u00e9sistants et parfaits dans toutes les conditions. La structure est toujours assembl\u00e9e et v\u00e9rifi\u00e9e en interne avant la livraison, afin de garantir une fiabilit\u00e9 maximale.<\/p>\n","protected":false},"excerpt":{"rendered":"<p>Les s\u00e9choirs Strahl sont fabriqu\u00e9s avec des mat\u00e9riaux et une finition de niveau et de qualit\u00e9 sup\u00e9rieurs, en utilisant des technologies robotiques hautement automatis\u00e9es pour rendre les produits solides, r\u00e9sistants et parfaits dans toutes les conditions. La structure est toujours assembl\u00e9e et v\u00e9rifi\u00e9e en interne avant la livraison, afin de garantir une fiabilit\u00e9 maximale.<\/p>\n","protected":false},"author":1,"featured_media":1840,"parent":0,"menu_order":0,"comment_status":"closed","ping_status":"closed","template":"","meta":{"_acf_changed":false,"footnotes":""},"class_list":["post-1838","page","type-page","status-publish","has-post-thumbnail","hentry"],"acf":[],"yoast_head":"<!-- This site is optimized with the Yoast SEO plugin v27.3 - https:\/\/yoast.com\/product\/yoast-seo-wordpress\/ -->\n<title>technologie de construction - Strahl<\/title>\n<meta name=\"description\" content=\"Les s\u00e9choirs Strahl sont fabriqu\u00e9s avec des mat\u00e9riaux et une finition de niveau et de qualit\u00e9 sup\u00e9rieurs\" \/>\n<meta name=\"robots\" content=\"index, follow, max-snippet:-1, max-image-preview:large, max-video-preview:-1\" \/>\n<link rel=\"canonical\" href=\"https:\/\/strahlgraindryers.com\/fr\/technologie-de-construction\/\" \/>\n<meta property=\"og:locale\" content=\"fr_FR\" \/>\n<meta property=\"og:type\" content=\"article\" \/>\n<meta property=\"og:title\" content=\"technologie de construction - Strahl\" \/>\n<meta property=\"og:description\" content=\"Les s\u00e9choirs Strahl sont fabriqu\u00e9s avec des mat\u00e9riaux et une finition de niveau et de qualit\u00e9 sup\u00e9rieurs\" \/>\n<meta property=\"og:url\" content=\"https:\/\/strahlgraindryers.com\/fr\/technologie-de-construction\/\" \/>\n<meta property=\"og:site_name\" content=\"Strahl\" \/>\n<meta property=\"article:publisher\" content=\"https:\/\/www.linkedin.com\/company\/strahl-srl\/\" \/>\n<meta property=\"article:modified_time\" content=\"2025-05-29T20:54:17+00:00\" \/>\n<meta property=\"og:image\" content=\"https:\/\/strahlgraindryers.com\/wp-content\/uploads\/2023\/11\/Strahl__589.jpg\" \/>\n\t<meta property=\"og:image:width\" content=\"1920\" \/>\n\t<meta property=\"og:image:height\" content=\"1281\" \/>\n\t<meta property=\"og:image:type\" content=\"image\/jpeg\" \/>\n<meta name=\"twitter:card\" content=\"summary_large_image\" \/>\n<meta name=\"twitter:label1\" content=\"Dur\u00e9e de lecture estim\u00e9e\" \/>\n\t<meta name=\"twitter:data1\" content=\"1 minute\" \/>\n<script type=\"application\/ld+json\" class=\"yoast-schema-graph\">{\"@context\":\"https:\\\/\\\/schema.org\",\"@graph\":[{\"@type\":\"WebPage\",\"@id\":\"https:\\\/\\\/strahlgraindryers.com\\\/fr\\\/technologie-de-construction\\\/\",\"url\":\"https:\\\/\\\/strahlgraindryers.com\\\/fr\\\/technologie-de-construction\\\/\",\"name\":\"technologie de construction - Strahl\",\"isPartOf\":{\"@id\":\"https:\\\/\\\/strahlgraindryers.com\\\/fr\\\/#website\"},\"primaryImageOfPage\":{\"@id\":\"https:\\\/\\\/strahlgraindryers.com\\\/fr\\\/technologie-de-construction\\\/#primaryimage\"},\"image\":{\"@id\":\"https:\\\/\\\/strahlgraindryers.com\\\/fr\\\/technologie-de-construction\\\/#primaryimage\"},\"thumbnailUrl\":\"https:\\\/\\\/strahlgraindryers.com\\\/wp-content\\\/uploads\\\/2023\\\/11\\\/Strahl__589.jpg\",\"datePublished\":\"2023-10-26T08:18:50+00:00\",\"dateModified\":\"2025-05-29T20:54:17+00:00\",\"description\":\"Les s\u00e9choirs Strahl sont fabriqu\u00e9s avec des mat\u00e9riaux et une finition de niveau et de qualit\u00e9 sup\u00e9rieurs\",\"breadcrumb\":{\"@id\":\"https:\\\/\\\/strahlgraindryers.com\\\/fr\\\/technologie-de-construction\\\/#breadcrumb\"},\"inLanguage\":\"fr-FR\",\"potentialAction\":[{\"@type\":\"ReadAction\",\"target\":[\"https:\\\/\\\/strahlgraindryers.com\\\/fr\\\/technologie-de-construction\\\/\"]}]},{\"@type\":\"ImageObject\",\"inLanguage\":\"fr-FR\",\"@id\":\"https:\\\/\\\/strahlgraindryers.com\\\/fr\\\/technologie-de-construction\\\/#primaryimage\",\"url\":\"https:\\\/\\\/strahlgraindryers.com\\\/wp-content\\\/uploads\\\/2023\\\/11\\\/Strahl__589.jpg\",\"contentUrl\":\"https:\\\/\\\/strahlgraindryers.com\\\/wp-content\\\/uploads\\\/2023\\\/11\\\/Strahl__589.jpg\",\"width\":1920,\"height\":1281},{\"@type\":\"BreadcrumbList\",\"@id\":\"https:\\\/\\\/strahlgraindryers.com\\\/fr\\\/technologie-de-construction\\\/#breadcrumb\",\"itemListElement\":[{\"@type\":\"ListItem\",\"position\":1,\"name\":\"Home\",\"item\":\"https:\\\/\\\/strahlgraindryers.com\\\/fr\\\/\"},{\"@type\":\"ListItem\",\"position\":2,\"name\":\"technologie de construction\"}]},{\"@type\":\"WebSite\",\"@id\":\"https:\\\/\\\/strahlgraindryers.com\\\/fr\\\/#website\",\"url\":\"https:\\\/\\\/strahlgraindryers.com\\\/fr\\\/\",\"name\":\"https:\\\/\\\/strahlgraindryers.com\\\/\",\"description\":\"Grain Dryers\",\"publisher\":{\"@id\":\"https:\\\/\\\/strahlgraindryers.com\\\/fr\\\/#organization\"},\"potentialAction\":[{\"@type\":\"SearchAction\",\"target\":{\"@type\":\"EntryPoint\",\"urlTemplate\":\"https:\\\/\\\/strahlgraindryers.com\\\/fr\\\/?s={search_term_string}\"},\"query-input\":{\"@type\":\"PropertyValueSpecification\",\"valueRequired\":true,\"valueName\":\"search_term_string\"}}],\"inLanguage\":\"fr-FR\"},{\"@type\":\"Organization\",\"@id\":\"https:\\\/\\\/strahlgraindryers.com\\\/fr\\\/#organization\",\"name\":\"Strahl\",\"url\":\"https:\\\/\\\/strahlgraindryers.com\\\/fr\\\/\",\"logo\":{\"@type\":\"ImageObject\",\"inLanguage\":\"fr-FR\",\"@id\":\"https:\\\/\\\/strahlgraindryers.com\\\/fr\\\/#\\\/schema\\\/logo\\\/image\\\/\",\"url\":\"https:\\\/\\\/strahlgraindryers.com\\\/wp-content\\\/uploads\\\/2023\\\/11\\\/Strahl_logo.jpg\",\"contentUrl\":\"https:\\\/\\\/strahlgraindryers.com\\\/wp-content\\\/uploads\\\/2023\\\/11\\\/Strahl_logo.jpg\",\"width\":640,\"height\":140,\"caption\":\"Strahl\"},\"image\":{\"@id\":\"https:\\\/\\\/strahlgraindryers.com\\\/fr\\\/#\\\/schema\\\/logo\\\/image\\\/\"},\"sameAs\":[\"https:\\\/\\\/www.linkedin.com\\\/company\\\/strahl-srl\\\/\"]}]}<\/script>\n<!-- \/ Yoast SEO plugin. -->","yoast_head_json":{"title":"technologie de construction - Strahl","description":"Les s\u00e9choirs Strahl sont fabriqu\u00e9s avec des mat\u00e9riaux et une finition de niveau et de qualit\u00e9 sup\u00e9rieurs","robots":{"index":"index","follow":"follow","max-snippet":"max-snippet:-1","max-image-preview":"max-image-preview:large","max-video-preview":"max-video-preview:-1"},"canonical":"https:\/\/strahlgraindryers.com\/fr\/technologie-de-construction\/","og_locale":"fr_FR","og_type":"article","og_title":"technologie de construction - Strahl","og_description":"Les s\u00e9choirs Strahl sont fabriqu\u00e9s avec des mat\u00e9riaux et une finition de niveau et de qualit\u00e9 sup\u00e9rieurs","og_url":"https:\/\/strahlgraindryers.com\/fr\/technologie-de-construction\/","og_site_name":"Strahl","article_publisher":"https:\/\/www.linkedin.com\/company\/strahl-srl\/","article_modified_time":"2025-05-29T20:54:17+00:00","og_image":[{"width":1920,"height":1281,"url":"https:\/\/strahlgraindryers.com\/wp-content\/uploads\/2023\/11\/Strahl__589.jpg","type":"image\/jpeg"}],"twitter_card":"summary_large_image","twitter_misc":{"Dur\u00e9e de lecture estim\u00e9e":"1 minute"},"schema":{"@context":"https:\/\/schema.org","@graph":[{"@type":"WebPage","@id":"https:\/\/strahlgraindryers.com\/fr\/technologie-de-construction\/","url":"https:\/\/strahlgraindryers.com\/fr\/technologie-de-construction\/","name":"technologie de construction - Strahl","isPartOf":{"@id":"https:\/\/strahlgraindryers.com\/fr\/#website"},"primaryImageOfPage":{"@id":"https:\/\/strahlgraindryers.com\/fr\/technologie-de-construction\/#primaryimage"},"image":{"@id":"https:\/\/strahlgraindryers.com\/fr\/technologie-de-construction\/#primaryimage"},"thumbnailUrl":"https:\/\/strahlgraindryers.com\/wp-content\/uploads\/2023\/11\/Strahl__589.jpg","datePublished":"2023-10-26T08:18:50+00:00","dateModified":"2025-05-29T20:54:17+00:00","description":"Les s\u00e9choirs Strahl sont fabriqu\u00e9s avec des mat\u00e9riaux et une finition de niveau et de qualit\u00e9 sup\u00e9rieurs","breadcrumb":{"@id":"https:\/\/strahlgraindryers.com\/fr\/technologie-de-construction\/#breadcrumb"},"inLanguage":"fr-FR","potentialAction":[{"@type":"ReadAction","target":["https:\/\/strahlgraindryers.com\/fr\/technologie-de-construction\/"]}]},{"@type":"ImageObject","inLanguage":"fr-FR","@id":"https:\/\/strahlgraindryers.com\/fr\/technologie-de-construction\/#primaryimage","url":"https:\/\/strahlgraindryers.com\/wp-content\/uploads\/2023\/11\/Strahl__589.jpg","contentUrl":"https:\/\/strahlgraindryers.com\/wp-content\/uploads\/2023\/11\/Strahl__589.jpg","width":1920,"height":1281},{"@type":"BreadcrumbList","@id":"https:\/\/strahlgraindryers.com\/fr\/technologie-de-construction\/#breadcrumb","itemListElement":[{"@type":"ListItem","position":1,"name":"Home","item":"https:\/\/strahlgraindryers.com\/fr\/"},{"@type":"ListItem","position":2,"name":"technologie de construction"}]},{"@type":"WebSite","@id":"https:\/\/strahlgraindryers.com\/fr\/#website","url":"https:\/\/strahlgraindryers.com\/fr\/","name":"https:\/\/strahlgraindryers.com\/","description":"Grain Dryers","publisher":{"@id":"https:\/\/strahlgraindryers.com\/fr\/#organization"},"potentialAction":[{"@type":"SearchAction","target":{"@type":"EntryPoint","urlTemplate":"https:\/\/strahlgraindryers.com\/fr\/?s={search_term_string}"},"query-input":{"@type":"PropertyValueSpecification","valueRequired":true,"valueName":"search_term_string"}}],"inLanguage":"fr-FR"},{"@type":"Organization","@id":"https:\/\/strahlgraindryers.com\/fr\/#organization","name":"Strahl","url":"https:\/\/strahlgraindryers.com\/fr\/","logo":{"@type":"ImageObject","inLanguage":"fr-FR","@id":"https:\/\/strahlgraindryers.com\/fr\/#\/schema\/logo\/image\/","url":"https:\/\/strahlgraindryers.com\/wp-content\/uploads\/2023\/11\/Strahl_logo.jpg","contentUrl":"https:\/\/strahlgraindryers.com\/wp-content\/uploads\/2023\/11\/Strahl_logo.jpg","width":640,"height":140,"caption":"Strahl"},"image":{"@id":"https:\/\/strahlgraindryers.com\/fr\/#\/schema\/logo\/image\/"},"sameAs":["https:\/\/www.linkedin.com\/company\/strahl-srl\/"]}]}},"_links":{"self":[{"href":"https:\/\/strahlgraindryers.com\/fr\/wp-json\/wp\/v2\/pages\/1838","targetHints":{"allow":["GET"]}}],"collection":[{"href":"https:\/\/strahlgraindryers.com\/fr\/wp-json\/wp\/v2\/pages"}],"about":[{"href":"https:\/\/strahlgraindryers.com\/fr\/wp-json\/wp\/v2\/types\/page"}],"author":[{"embeddable":true,"href":"https:\/\/strahlgraindryers.com\/fr\/wp-json\/wp\/v2\/users\/1"}],"replies":[{"embeddable":true,"href":"https:\/\/strahlgraindryers.com\/fr\/wp-json\/wp\/v2\/comments?post=1838"}],"version-history":[{"count":3,"href":"https:\/\/strahlgraindryers.com\/fr\/wp-json\/wp\/v2\/pages\/1838\/revisions"}],"predecessor-version":[{"id":1884,"href":"https:\/\/strahlgraindryers.com\/fr\/wp-json\/wp\/v2\/pages\/1838\/revisions\/1884"}],"wp:featuredmedia":[{"embeddable":true,"href":"https:\/\/strahlgraindryers.com\/fr\/wp-json\/wp\/v2\/media\/1840"}],"wp:attachment":[{"href":"https:\/\/strahlgraindryers.com\/fr\/wp-json\/wp\/v2\/media?parent=1838"}],"curies":[{"name":"wp","href":"https:\/\/api.w.org\/{rel}","templated":true}]}}