{"id":1825,"date":"2023-10-25T11:16:42","date_gmt":"2023-10-25T09:16:42","guid":{"rendered":"https:\/\/strahlgraindryers.com\/assistenza-clienti\/"},"modified":"2025-05-29T22:30:30","modified_gmt":"2025-05-29T20:30:30","slug":"service-client","status":"publish","type":"page","link":"https:\/\/strahlgraindryers.com\/fr\/service-client\/","title":{"rendered":"Service client"},"content":{"rendered":"<p>Fiabilit\u00e9, exp\u00e9rience et disponibilit\u00e9 sont des valeurs fondamentales de l&rsquo;\u00e9thique de Strahl. Le service client accompagne et prend soin des s\u00e9cheurs Strahl avant, pendant et apr\u00e8s leur vente, en offrant aux acheteurs un service d&rsquo;assistance et d&rsquo;information d\u00e9taill\u00e9 et pr\u00e9cis, construit avec le client et autour de ses besoins, pour r\u00e9pondre \u00e0 tout type de doute, difficult\u00e9 et probl\u00e8me technique.<\/p>\n<h6>+39 329 1858010<br \/>\nservice@strahl.it<\/h6>\n","protected":false},"excerpt":{"rendered":"<p>Fiabilit\u00e9, exp\u00e9rience et disponibilit\u00e9 sont des valeurs fondamentales de l&rsquo;\u00e9thique de Strahl. Le service client accompagne et prend soin des s\u00e9cheurs Strahl avant, pendant et apr\u00e8s leur vente, en offrant aux acheteurs un service d&rsquo;assistance et d&rsquo;information d\u00e9taill\u00e9 et pr\u00e9cis, construit avec le client et autour de ses besoins, pour r\u00e9pondre \u00e0 tout type de [&hellip;]<\/p>\n","protected":false},"author":1,"featured_media":1827,"parent":0,"menu_order":0,"comment_status":"closed","ping_status":"closed","template":"template-page\/page-assistenza.php","meta":{"_acf_changed":false,"footnotes":""},"class_list":["post-1825","page","type-page","status-publish","has-post-thumbnail","hentry"],"acf":[],"yoast_head":"<!-- This site is optimized with the Yoast SEO plugin v27.2 - https:\/\/yoast.com\/product\/yoast-seo-wordpress\/ -->\n<title>Service client - Strahl<\/title>\n<meta name=\"description\" content=\"Fiabilit\u00e9, exp\u00e9rience et disponibilit\u00e9 sont des valeurs fondamentales de l&#039;\u00e9thique de Strahl. Le service client accompagne et prend soin\" \/>\n<meta name=\"robots\" content=\"index, follow, max-snippet:-1, max-image-preview:large, max-video-preview:-1\" \/>\n<link rel=\"canonical\" href=\"https:\/\/strahlgraindryers.com\/fr\/service-client\/\" \/>\n<meta property=\"og:locale\" content=\"fr_FR\" \/>\n<meta property=\"og:type\" content=\"article\" \/>\n<meta property=\"og:title\" content=\"Service client - Strahl\" \/>\n<meta property=\"og:description\" content=\"Fiabilit\u00e9, exp\u00e9rience et disponibilit\u00e9 sont des valeurs fondamentales de l&#039;\u00e9thique de Strahl. Le service client accompagne et prend soin\" \/>\n<meta property=\"og:url\" content=\"https:\/\/strahlgraindryers.com\/fr\/service-client\/\" \/>\n<meta property=\"og:site_name\" content=\"Strahl\" \/>\n<meta property=\"article:publisher\" content=\"https:\/\/www.linkedin.com\/company\/strahl-srl\/\" \/>\n<meta property=\"article:modified_time\" content=\"2025-05-29T20:30:30+00:00\" \/>\n<meta property=\"og:image\" content=\"https:\/\/strahlgraindryers.com\/wp-content\/uploads\/2023\/10\/Strahl__553.jpg\" \/>\n\t<meta property=\"og:image:width\" content=\"1920\" \/>\n\t<meta property=\"og:image:height\" content=\"1080\" \/>\n\t<meta property=\"og:image:type\" content=\"image\/jpeg\" \/>\n<meta name=\"twitter:card\" content=\"summary_large_image\" \/>\n<meta name=\"twitter:label1\" content=\"Dur\u00e9e de lecture estim\u00e9e\" \/>\n\t<meta name=\"twitter:data1\" content=\"1 minute\" \/>\n<script type=\"application\/ld+json\" class=\"yoast-schema-graph\">{\"@context\":\"https:\/\/schema.org\",\"@graph\":[{\"@type\":\"WebPage\",\"@id\":\"https:\/\/strahlgraindryers.com\/fr\/service-client\/\",\"url\":\"https:\/\/strahlgraindryers.com\/fr\/service-client\/\",\"name\":\"Service client - Strahl\",\"isPartOf\":{\"@id\":\"https:\/\/strahlgraindryers.com\/fr\/#website\"},\"primaryImageOfPage\":{\"@id\":\"https:\/\/strahlgraindryers.com\/fr\/service-client\/#primaryimage\"},\"image\":{\"@id\":\"https:\/\/strahlgraindryers.com\/fr\/service-client\/#primaryimage\"},\"thumbnailUrl\":\"https:\/\/strahlgraindryers.com\/wp-content\/uploads\/2023\/10\/Strahl__553.jpg\",\"datePublished\":\"2023-10-25T09:16:42+00:00\",\"dateModified\":\"2025-05-29T20:30:30+00:00\",\"description\":\"Fiabilit\u00e9, exp\u00e9rience et disponibilit\u00e9 sont des valeurs fondamentales de l'\u00e9thique de Strahl. Le service client accompagne et prend soin\",\"breadcrumb\":{\"@id\":\"https:\/\/strahlgraindryers.com\/fr\/service-client\/#breadcrumb\"},\"inLanguage\":\"fr-FR\",\"potentialAction\":[{\"@type\":\"ReadAction\",\"target\":[\"https:\/\/strahlgraindryers.com\/fr\/service-client\/\"]}]},{\"@type\":\"ImageObject\",\"inLanguage\":\"fr-FR\",\"@id\":\"https:\/\/strahlgraindryers.com\/fr\/service-client\/#primaryimage\",\"url\":\"https:\/\/strahlgraindryers.com\/wp-content\/uploads\/2023\/10\/Strahl__553.jpg\",\"contentUrl\":\"https:\/\/strahlgraindryers.com\/wp-content\/uploads\/2023\/10\/Strahl__553.jpg\",\"width\":1920,\"height\":1080},{\"@type\":\"BreadcrumbList\",\"@id\":\"https:\/\/strahlgraindryers.com\/fr\/service-client\/#breadcrumb\",\"itemListElement\":[{\"@type\":\"ListItem\",\"position\":1,\"name\":\"Home\",\"item\":\"https:\/\/strahlgraindryers.com\/fr\/\"},{\"@type\":\"ListItem\",\"position\":2,\"name\":\"Service client\"}]},{\"@type\":\"WebSite\",\"@id\":\"https:\/\/strahlgraindryers.com\/fr\/#website\",\"url\":\"https:\/\/strahlgraindryers.com\/fr\/\",\"name\":\"https:\/\/strahlgraindryers.com\/\",\"description\":\"Grain Dryers\",\"publisher\":{\"@id\":\"https:\/\/strahlgraindryers.com\/fr\/#organization\"},\"potentialAction\":[{\"@type\":\"SearchAction\",\"target\":{\"@type\":\"EntryPoint\",\"urlTemplate\":\"https:\/\/strahlgraindryers.com\/fr\/?s={search_term_string}\"},\"query-input\":{\"@type\":\"PropertyValueSpecification\",\"valueRequired\":true,\"valueName\":\"search_term_string\"}}],\"inLanguage\":\"fr-FR\"},{\"@type\":\"Organization\",\"@id\":\"https:\/\/strahlgraindryers.com\/fr\/#organization\",\"name\":\"Strahl\",\"url\":\"https:\/\/strahlgraindryers.com\/fr\/\",\"logo\":{\"@type\":\"ImageObject\",\"inLanguage\":\"fr-FR\",\"@id\":\"https:\/\/strahlgraindryers.com\/fr\/#\/schema\/logo\/image\/\",\"url\":\"https:\/\/strahlgraindryers.com\/wp-content\/uploads\/2023\/11\/Strahl_logo.jpg\",\"contentUrl\":\"https:\/\/strahlgraindryers.com\/wp-content\/uploads\/2023\/11\/Strahl_logo.jpg\",\"width\":640,\"height\":140,\"caption\":\"Strahl\"},\"image\":{\"@id\":\"https:\/\/strahlgraindryers.com\/fr\/#\/schema\/logo\/image\/\"},\"sameAs\":[\"https:\/\/www.linkedin.com\/company\/strahl-srl\/\"]}]}<\/script>\n<!-- \/ Yoast SEO plugin. -->","yoast_head_json":{"title":"Service client - Strahl","description":"Fiabilit\u00e9, exp\u00e9rience et disponibilit\u00e9 sont des valeurs fondamentales de l'\u00e9thique de Strahl. Le service client accompagne et prend soin","robots":{"index":"index","follow":"follow","max-snippet":"max-snippet:-1","max-image-preview":"max-image-preview:large","max-video-preview":"max-video-preview:-1"},"canonical":"https:\/\/strahlgraindryers.com\/fr\/service-client\/","og_locale":"fr_FR","og_type":"article","og_title":"Service client - Strahl","og_description":"Fiabilit\u00e9, exp\u00e9rience et disponibilit\u00e9 sont des valeurs fondamentales de l'\u00e9thique de Strahl. Le service client accompagne et prend soin","og_url":"https:\/\/strahlgraindryers.com\/fr\/service-client\/","og_site_name":"Strahl","article_publisher":"https:\/\/www.linkedin.com\/company\/strahl-srl\/","article_modified_time":"2025-05-29T20:30:30+00:00","og_image":[{"width":1920,"height":1080,"url":"https:\/\/strahlgraindryers.com\/wp-content\/uploads\/2023\/10\/Strahl__553.jpg","type":"image\/jpeg"}],"twitter_card":"summary_large_image","twitter_misc":{"Dur\u00e9e de lecture estim\u00e9e":"1 minute"},"schema":{"@context":"https:\/\/schema.org","@graph":[{"@type":"WebPage","@id":"https:\/\/strahlgraindryers.com\/fr\/service-client\/","url":"https:\/\/strahlgraindryers.com\/fr\/service-client\/","name":"Service client - Strahl","isPartOf":{"@id":"https:\/\/strahlgraindryers.com\/fr\/#website"},"primaryImageOfPage":{"@id":"https:\/\/strahlgraindryers.com\/fr\/service-client\/#primaryimage"},"image":{"@id":"https:\/\/strahlgraindryers.com\/fr\/service-client\/#primaryimage"},"thumbnailUrl":"https:\/\/strahlgraindryers.com\/wp-content\/uploads\/2023\/10\/Strahl__553.jpg","datePublished":"2023-10-25T09:16:42+00:00","dateModified":"2025-05-29T20:30:30+00:00","description":"Fiabilit\u00e9, exp\u00e9rience et disponibilit\u00e9 sont des valeurs fondamentales de l'\u00e9thique de Strahl. Le service client accompagne et prend soin","breadcrumb":{"@id":"https:\/\/strahlgraindryers.com\/fr\/service-client\/#breadcrumb"},"inLanguage":"fr-FR","potentialAction":[{"@type":"ReadAction","target":["https:\/\/strahlgraindryers.com\/fr\/service-client\/"]}]},{"@type":"ImageObject","inLanguage":"fr-FR","@id":"https:\/\/strahlgraindryers.com\/fr\/service-client\/#primaryimage","url":"https:\/\/strahlgraindryers.com\/wp-content\/uploads\/2023\/10\/Strahl__553.jpg","contentUrl":"https:\/\/strahlgraindryers.com\/wp-content\/uploads\/2023\/10\/Strahl__553.jpg","width":1920,"height":1080},{"@type":"BreadcrumbList","@id":"https:\/\/strahlgraindryers.com\/fr\/service-client\/#breadcrumb","itemListElement":[{"@type":"ListItem","position":1,"name":"Home","item":"https:\/\/strahlgraindryers.com\/fr\/"},{"@type":"ListItem","position":2,"name":"Service client"}]},{"@type":"WebSite","@id":"https:\/\/strahlgraindryers.com\/fr\/#website","url":"https:\/\/strahlgraindryers.com\/fr\/","name":"https:\/\/strahlgraindryers.com\/","description":"Grain Dryers","publisher":{"@id":"https:\/\/strahlgraindryers.com\/fr\/#organization"},"potentialAction":[{"@type":"SearchAction","target":{"@type":"EntryPoint","urlTemplate":"https:\/\/strahlgraindryers.com\/fr\/?s={search_term_string}"},"query-input":{"@type":"PropertyValueSpecification","valueRequired":true,"valueName":"search_term_string"}}],"inLanguage":"fr-FR"},{"@type":"Organization","@id":"https:\/\/strahlgraindryers.com\/fr\/#organization","name":"Strahl","url":"https:\/\/strahlgraindryers.com\/fr\/","logo":{"@type":"ImageObject","inLanguage":"fr-FR","@id":"https:\/\/strahlgraindryers.com\/fr\/#\/schema\/logo\/image\/","url":"https:\/\/strahlgraindryers.com\/wp-content\/uploads\/2023\/11\/Strahl_logo.jpg","contentUrl":"https:\/\/strahlgraindryers.com\/wp-content\/uploads\/2023\/11\/Strahl_logo.jpg","width":640,"height":140,"caption":"Strahl"},"image":{"@id":"https:\/\/strahlgraindryers.com\/fr\/#\/schema\/logo\/image\/"},"sameAs":["https:\/\/www.linkedin.com\/company\/strahl-srl\/"]}]}},"_links":{"self":[{"href":"https:\/\/strahlgraindryers.com\/fr\/wp-json\/wp\/v2\/pages\/1825","targetHints":{"allow":["GET"]}}],"collection":[{"href":"https:\/\/strahlgraindryers.com\/fr\/wp-json\/wp\/v2\/pages"}],"about":[{"href":"https:\/\/strahlgraindryers.com\/fr\/wp-json\/wp\/v2\/types\/page"}],"author":[{"embeddable":true,"href":"https:\/\/strahlgraindryers.com\/fr\/wp-json\/wp\/v2\/users\/1"}],"replies":[{"embeddable":true,"href":"https:\/\/strahlgraindryers.com\/fr\/wp-json\/wp\/v2\/comments?post=1825"}],"version-history":[{"count":2,"href":"https:\/\/strahlgraindryers.com\/fr\/wp-json\/wp\/v2\/pages\/1825\/revisions"}],"predecessor-version":[{"id":1828,"href":"https:\/\/strahlgraindryers.com\/fr\/wp-json\/wp\/v2\/pages\/1825\/revisions\/1828"}],"wp:featuredmedia":[{"embeddable":true,"href":"https:\/\/strahlgraindryers.com\/fr\/wp-json\/wp\/v2\/media\/1827"}],"wp:attachment":[{"href":"https:\/\/strahlgraindryers.com\/fr\/wp-json\/wp\/v2\/media?parent=1825"}],"curies":[{"name":"wp","href":"https:\/\/api.w.org\/{rel}","templated":true}]}}