{"id":3016,"date":"2023-12-07T15:25:31","date_gmt":"2023-12-07T14:25:31","guid":{"rendered":"https:\/\/strahlgraindryers.com\/condizioni-generali-di-vendita\/"},"modified":"2023-12-07T15:25:31","modified_gmt":"2023-12-07T14:25:31","slug":"condizioni-generali-di-vendita","status":"publish","type":"page","link":"https:\/\/strahlgraindryers.com\/es\/condizioni-generali-di-vendita\/","title":{"rendered":"Condizioni generali di vendita"},"content":{"rendered":"<h4>OGGETTO DEL CONTRATTO<\/h4>\n<p>L\u2019oggetto ed il prezzo della presente fornitura sono strettamente delimitati dalla presente scrittura, intendendosi escluso quanto non specificatamente in esso nominato. La modifica, anche di una sola voce, fa decadere ogni impegnativa di prezzo, salvo patto scritto contrario. Ogni variazione od aggiunta, rispetto a quanto nominato, sar\u00e0 in ogni caso a carico del Committente.<\/p>\n<h4>ACCETTAZIONE DELLA COMMISSIONE \u2013 SOSPENSIONI DELLE FORNITURE<\/h4>\n<p>La sottoscrizione del presente contratto costituisce per il Committente proposta ferma che lo impegna per tutto quanto in esso previsto, mentre la Ditta fornitrice si riserva l\u2019accettazione definitiva con separata conferma scritta o con l\u2019inizio dell\u2019esecuzione. La Ditta fornitrice potr\u00e0 sospendere od interrompere la consegna delle forniture se, a suo insindacabile giudizio, la situazione o le referenze commerciali, economiche e finanziarie del Committente non offrono idonee garanzie di adempimento delle obbligazioni dallo stesso assunte con la presente commissione.<\/p>\n<h4>MODALIT\u00c0 E LUOGO DI PAGAMENTO<\/h4>\n<p>Eventuali facilitazioni di pagamento a mezzo tratta od effetti cambiari, o nelle mani di persona autorizzata, non fanno venir meno il diritto della Ditta fornitrice di esigere che il pagamento avvenga mediante rimessa diretta presso la sua sede. Il rilascio di effetti cambiari si considera sempre \u201cpro solvendo\u201d, tale rilascio e gli eventuali rinnovi non costituiscono mai novazione delle originarie obbligazioni contrattuali. Il pagamento a saldo deve essere effettuato entro 8 (otto) giorni dal collaudo salvo diverso accordo scritto. Eventuali pagamenti a mezzo bonifico bancario devono essere effettuati alle coordinate indicate dal Fornitore nella conferma d\u2019ordine o comunicati a mezzo PEC o raccomandata a.r., i pagamenti effettuati a coordinate bancarie diverse, ricevute dal Committente con altre modalit\u00e0 (es. semplice e-mail o verbalmente) non liberano il Committente dall\u2019obbligo di pagare il prezzo.<\/p>\n<h4>INTERESSI MORATORI COMPENSATIVI O CORRISPETTIVI<\/h4>\n<p>In caso di ritardo a qualsiasi motivo dovuto, del pagamento dei corrispettivi o dei singoli ratei o acconti pattuiti, decorreranno di diritto e senza necessit\u00e0 di alcuna comunicazione, gli interessi per il ritardato pagamento al saggio di cui all\u2019art. 5 D.Lgs. 231\/2002. Nella stessa misura verranno conteggiati gli interessi in qualsiasi altro caso essi siano dovuti.<\/p>\n<h4>VARIAZIONI DI PREZZO PER ORDINI AD ESECUZIONE DIFFERITA<\/h4>\n<p>In caso di aumento dei costi dei materiali e\/o della manodopera nel periodo intercorrente tra la data dell\u2019offerta e quella dell\u2019effettiva consegna dei macchinari, la Ditta fornitrice \u00e8 espressamente autorizzata dal Committente a revisionare i prezzi stabiliti in commissione fino ad un massimo del 10% (dieci per cento) prevista come alea legale.<\/p>\n<h4>DECADENZA DAL BENEFICIO DEL TERMINE E CLAUSOLA RISOLUTIVA ESPRESSA<\/h4>\n<p>Il mancato pagamento anche di un solo rateo o acconto alla scadenza convenuta produrr\u00e0 di pieno diritto la decadenza dal beneficio degli eventuali termini contenuti per il pagamento del residuo prezzo e di ogni altro corrispettivo dovuto alla Ditta fornitrice ed autorizza, inoltre, la stessa a sospendere eventuali ulteriori consegne, anche se per ordini diversi e a ritenere risolto di pieno diritto il contratto ai sensi dell\u2019art. 1456 c.c., con conseguente diritto di risarcimento dei danni. In caso di risoluzione per inadempimento, il Fornitore avr\u00e0 diritto a trattenere le rate versate sino al momento dell\u2019inadempimento a titolo di acconto per il risarcimento dell\u2019eventuale maggior danno.<\/p>\n<h4>CLAUSOLA \u201cSOLVE ET REPETE\u201d<\/h4>\n<p>Il Committente non potr\u00e0 in alcun caso negare o ritardare i pagamenti alla scadenza convenuta, adducendo o sollevando contestazioni o eccezioni comunque riguardanti la fornitura. Eventuali sue ragioni potranno essere fatte valere dopo il pagamento integrale del prezzo.<\/p>\n<h4>TERMINI E LUOGO DI CONSEGNA<\/h4>\n<p>I termini di consegna, comunque precisati, si intendono meramente approssimativi e non tassativi, in nessun caso il Committente avr\u00e0 diritto di rifiutare la merce o richiedere la risoluzione del contratto o il risarcimento dei danni per eventuali ritardi nella consegna.<\/p>\n<h4>RISERVA DI PROPRIETA\u2019<\/h4>\n<p>In tutti i casi in cui il pagamento dell\u2019intero corrispettivo non avvenga contestualmente alla consegna dei macchinari e\/o delle attrezzature, queste restano, anche se gi\u00e0 installate, della Ditta Fornitrice fino all\u2019effettivo e totale pagamento del prezzo. In caso di risoluzione del contratto per inadempimento del Committente, le somme gi\u00e0 versate dallo stesso resteranno acquisite dalla Ditta Fornitrice a titolo di indennit\u00e0, salvo il risarcimento dei maggiori danni.<\/p>\n<h4>GARANZIA PER I VIZI<\/h4>\n<p>Le macchine e\/o le attrezzature sono garantite dalla casa costruttrice per 12 mesi dalla consegna o dalla redazione del verbale di collaudo positivo. La garanzia consiste nella sostituzione o riparazione gratuita delle parti che presentano accertati difetti di materiale, o di costruzione. Essa si attua previo esame e contestazione dei difetti delle loro cause da parte dell\u2019Officina della venditrice. Le spese per trasporti, viaggi, manodopera per il montaggio o la sostituzione delle parti difettose sono a carico del compratore nel caso in cui venga riscontrato che si tratti di un vizio o difetto non imputabile al produttore. Si intende che non verranno sostituiti in garanzia i particolari logorati per usura normale di lavoro. Resteranno escluse dalla garanzia le macchine e\/o attrezzature usate. La casa fornitrice \u00e8 automaticamente esonerata da ogni obbligo qualora il compratore sottoponga le macchine e\/o attrezzature alla cura di meccanici non autorizzati dalla Venditrice, impieghi parti di ricambio non originali, usi per la lubrificazione olii e grasso diversi da quelli indicati dalla Venditrice stessa e utilizzi le macchine in modo non conforme al manuale di istruzioni fornito dalla Ditta venditrice. La Venditrice declina ogni e qualsiasi responsabilit\u00e0 per eventuali incidenti che dovessero verificarsi a persone e a cose per causa o indipendenza dell\u2019uso della macchina fornita, es. incidenti provocati da cardani, alberi di trasmissione, etc. Nessun altro obbligo potr\u00e0 incombere alla Ditta fornitrice. Nelle predette ipotesi, resta escluso ogni diritto del Committente di richiedere la risoluzione del contratto o il risarcimento del danno o la riduzione del prezzo. In ogni caso la misura del risarcimento del danno derivante da vizi o difetti del macchinario non potr\u00e0 superare il prezzo del macchinario stesso. La garanzia per vizi non copre le parti elettriche della macchina. Si esclude, inoltre, espressamente, il risarcimento per eventuali danni indiretti.<\/p>\n<h4>FORZA MAGGIORE<\/h4>\n<p>Fatti salve le obbligazioni di pagamento del Cliente, le quali dovranno comunque essere eseguite alle scadenze contrattualmente stabilite, nessun fatto costituente inadempimento alle presenti Condizioni Generali dar\u00e0 luogo a risoluzione o a risarcimento danni, qualora dipenda dal verificarsi di causa di forza maggiore o caso fortuito (quali, a titolo esemplificativo e non esaustivo, scioperi, fatalit\u00e0, epidemia, pandemia, embarghi, conflitti armati, provvedimenti statali, o di qualsiasi altra autorit\u00e0 nazionale o sovranazionale, interferenze da parte di autorit\u00e0 militari e civili, atti terroristici, sommosse e disordini civili, sabotaggi, incendi anche se dolosi e ogni altro caso di forza maggiore o caso fortuito previsto dalle norme applicabili), la cui azione si esplichi in modo tale da travalicare i limiti di prevedibilit\u00e0 e di controllo ragionevolmente attribuibili alle Parti, e senza che all\u2019esplicazione di detta azione abbia contribuito la condotta colposa della Parte impossibilitata ad adempiere. La Parte che invoca l\u2019esonero dalla responsabilit\u00e0 \u00e8 tenuta a comunicare all\u2019altra Parte, appena possibile subito dopo essere venuta a conoscenza dell\u2019impedimento e dei suoi effetti sulla sua capacit\u00e0 di adempiere ai suoi obblighi, l\u2019esistenza di tale impedimento, nonch\u00e9 gli effetti dello stesso sulla sua capacit\u00e0 di far fronte ai propri impegni. Un\u2019analoga comunicazione dovr\u00e0 essere data non appena venga meno la causa di esonero dalla responsabilit\u00e0. Nell\u2019ipotesi in cui permanga per oltre 8 settimane una causa di forza maggiore o caso fortuito che impedisca l\u2019adempimento del rapporto contrattuale in essere, ciascuna Parte avr\u00e0 la facolt\u00e0 di recedere dal suddetto rapporto, mediante invio all\u2019altra Parte di una apposita comunicazione a tal fine a mezzo di lettera raccomandata con ricevuta di ritorno o PEC .<\/p>\n<h4>ESCLUSIONI<\/h4>\n<p>Sono escluse eventuali fondazioni ed opere murarie con relativi calcoli e verifiche statiche, la modifica di eventuali strutture esistenti, carico e scarico dei materiali presso la vostra sede, trasporto e montaggio e collaudo se non previsto, energia elettrica per il montaggio, il coordinamento della sicurezza (D. Lgs. 81\/08 e scucc.mod.), l\u2019allacciamento alla linea gas o gasolio del bruciatore, l\u2019allacciamento alla rete elettrica, messa a terra dell\u2019impianto, impianto di prevenzione scariche atmosferiche, licenze permessi ed autorizzazioni varie, certificazione di avvenuta interconnessione o attestato di conformit\u00e0 industria 4.0, quant\u2019altro non espressamente indicato nelle presenti condizioni generali di vendita .<\/p>\n<h4>TASSE IMPOSTE ED ALTRI ONERI<\/h4>\n<p>Le tasse, le imposte e comunque tutti gli oneri presenti e futuri derivanti dalla presente proposta di contratto sono ad esclusivo carico del Compratore.<\/p>\n<h4>LEGGE APPLICABILE E GIURISDIZIONE<\/h4>\n<p>Le parti convengono che per ogni controversia inerente la presente proposta di contratto, \u00e8 competente in via esclusiva il Foro di Padova. Il presente contratto \u00e8 soggetto alla Legge Italiana.<\/p>\n<p>Strahl srl &#8211; Via Roma 139 &#8211; 31020 Villorba (TV) &#8211; Italy<br \/>\nR.E.A. TV-179145 &#8211; C.F\/ P.I. (IT) 01947660260 &#8211; Cap. Soc. \u20ac 1.000.000 i.v.<br \/>\nMail: strahl@strahl.it &#8211; PEC: strahlsrl@pec.it<\/p>\n","protected":false},"excerpt":{"rendered":"<p>OGGETTO DEL CONTRATTO L\u2019oggetto ed il prezzo della presente fornitura sono strettamente delimitati dalla presente scrittura, intendendosi escluso quanto non specificatamente in esso nominato. La modifica, anche di una sola voce, fa decadere ogni impegnativa di prezzo, salvo patto scritto contrario. Ogni variazione od aggiunta, rispetto a quanto nominato, sar\u00e0 in ogni caso a carico [&hellip;]<\/p>\n","protected":false},"author":1,"featured_media":0,"parent":0,"menu_order":0,"comment_status":"closed","ping_status":"closed","template":"template-page\/page-noimmage.php","meta":{"_acf_changed":false,"footnotes":""},"class_list":["post-3016","page","type-page","status-publish","hentry"],"acf":[],"yoast_head":"<!-- This site is optimized with the Yoast SEO plugin v27.3 - https:\/\/yoast.com\/product\/yoast-seo-wordpress\/ -->\n<title>Condizioni generali di vendita - Strahl<\/title>\n<meta name=\"robots\" content=\"index, follow, max-snippet:-1, max-image-preview:large, max-video-preview:-1\" \/>\n<link rel=\"canonical\" href=\"https:\/\/strahlgraindryers.com\/es\/condizioni-generali-di-vendita\/\" \/>\n<meta property=\"og:locale\" content=\"es_ES\" \/>\n<meta property=\"og:type\" content=\"article\" \/>\n<meta property=\"og:title\" content=\"Condizioni generali di vendita - Strahl\" \/>\n<meta property=\"og:description\" content=\"OGGETTO DEL CONTRATTO L\u2019oggetto ed il prezzo della presente fornitura sono strettamente delimitati dalla presente scrittura, intendendosi escluso quanto non specificatamente in esso nominato. La modifica, anche di una sola voce, fa decadere ogni impegnativa di prezzo, salvo patto scritto contrario. Ogni variazione od aggiunta, rispetto a quanto nominato, sar\u00e0 in ogni caso a carico [&hellip;]\" \/>\n<meta property=\"og:url\" content=\"https:\/\/strahlgraindryers.com\/es\/condizioni-generali-di-vendita\/\" \/>\n<meta property=\"og:site_name\" content=\"Strahl\" \/>\n<meta property=\"article:publisher\" content=\"https:\/\/www.linkedin.com\/company\/strahl-srl\/\" \/>\n<meta name=\"twitter:card\" content=\"summary_large_image\" \/>\n<meta name=\"twitter:label1\" content=\"Tiempo de lectura\" \/>\n\t<meta name=\"twitter:data1\" content=\"7 minutos\" \/>\n<script type=\"application\/ld+json\" class=\"yoast-schema-graph\">{\"@context\":\"https:\\\/\\\/schema.org\",\"@graph\":[{\"@type\":\"WebPage\",\"@id\":\"https:\\\/\\\/strahlgraindryers.com\\\/es\\\/condizioni-generali-di-vendita\\\/\",\"url\":\"https:\\\/\\\/strahlgraindryers.com\\\/es\\\/condizioni-generali-di-vendita\\\/\",\"name\":\"Condizioni generali di vendita - Strahl\",\"isPartOf\":{\"@id\":\"https:\\\/\\\/strahlgraindryers.com\\\/es\\\/#website\"},\"datePublished\":\"2023-12-07T14:25:31+00:00\",\"breadcrumb\":{\"@id\":\"https:\\\/\\\/strahlgraindryers.com\\\/es\\\/condizioni-generali-di-vendita\\\/#breadcrumb\"},\"inLanguage\":\"es\",\"potentialAction\":[{\"@type\":\"ReadAction\",\"target\":[\"https:\\\/\\\/strahlgraindryers.com\\\/es\\\/condizioni-generali-di-vendita\\\/\"]}]},{\"@type\":\"BreadcrumbList\",\"@id\":\"https:\\\/\\\/strahlgraindryers.com\\\/es\\\/condizioni-generali-di-vendita\\\/#breadcrumb\",\"itemListElement\":[{\"@type\":\"ListItem\",\"position\":1,\"name\":\"Home\",\"item\":\"https:\\\/\\\/strahlgraindryers.com\\\/es\\\/\"},{\"@type\":\"ListItem\",\"position\":2,\"name\":\"Condizioni generali di vendita\"}]},{\"@type\":\"WebSite\",\"@id\":\"https:\\\/\\\/strahlgraindryers.com\\\/es\\\/#website\",\"url\":\"https:\\\/\\\/strahlgraindryers.com\\\/es\\\/\",\"name\":\"https:\\\/\\\/strahlgraindryers.com\\\/\",\"description\":\"Grain Dryers\",\"publisher\":{\"@id\":\"https:\\\/\\\/strahlgraindryers.com\\\/es\\\/#organization\"},\"potentialAction\":[{\"@type\":\"SearchAction\",\"target\":{\"@type\":\"EntryPoint\",\"urlTemplate\":\"https:\\\/\\\/strahlgraindryers.com\\\/es\\\/?s={search_term_string}\"},\"query-input\":{\"@type\":\"PropertyValueSpecification\",\"valueRequired\":true,\"valueName\":\"search_term_string\"}}],\"inLanguage\":\"es\"},{\"@type\":\"Organization\",\"@id\":\"https:\\\/\\\/strahlgraindryers.com\\\/es\\\/#organization\",\"name\":\"Strahl\",\"url\":\"https:\\\/\\\/strahlgraindryers.com\\\/es\\\/\",\"logo\":{\"@type\":\"ImageObject\",\"inLanguage\":\"es\",\"@id\":\"https:\\\/\\\/strahlgraindryers.com\\\/es\\\/#\\\/schema\\\/logo\\\/image\\\/\",\"url\":\"https:\\\/\\\/strahlgraindryers.com\\\/wp-content\\\/uploads\\\/2023\\\/11\\\/Strahl_logo.jpg\",\"contentUrl\":\"https:\\\/\\\/strahlgraindryers.com\\\/wp-content\\\/uploads\\\/2023\\\/11\\\/Strahl_logo.jpg\",\"width\":640,\"height\":140,\"caption\":\"Strahl\"},\"image\":{\"@id\":\"https:\\\/\\\/strahlgraindryers.com\\\/es\\\/#\\\/schema\\\/logo\\\/image\\\/\"},\"sameAs\":[\"https:\\\/\\\/www.linkedin.com\\\/company\\\/strahl-srl\\\/\"]}]}<\/script>\n<!-- \/ Yoast SEO plugin. -->","yoast_head_json":{"title":"Condizioni generali di vendita - Strahl","robots":{"index":"index","follow":"follow","max-snippet":"max-snippet:-1","max-image-preview":"max-image-preview:large","max-video-preview":"max-video-preview:-1"},"canonical":"https:\/\/strahlgraindryers.com\/es\/condizioni-generali-di-vendita\/","og_locale":"es_ES","og_type":"article","og_title":"Condizioni generali di vendita - Strahl","og_description":"OGGETTO DEL CONTRATTO L\u2019oggetto ed il prezzo della presente fornitura sono strettamente delimitati dalla presente scrittura, intendendosi escluso quanto non specificatamente in esso nominato. La modifica, anche di una sola voce, fa decadere ogni impegnativa di prezzo, salvo patto scritto contrario. Ogni variazione od aggiunta, rispetto a quanto nominato, sar\u00e0 in ogni caso a carico [&hellip;]","og_url":"https:\/\/strahlgraindryers.com\/es\/condizioni-generali-di-vendita\/","og_site_name":"Strahl","article_publisher":"https:\/\/www.linkedin.com\/company\/strahl-srl\/","twitter_card":"summary_large_image","twitter_misc":{"Tiempo de lectura":"7 minutos"},"schema":{"@context":"https:\/\/schema.org","@graph":[{"@type":"WebPage","@id":"https:\/\/strahlgraindryers.com\/es\/condizioni-generali-di-vendita\/","url":"https:\/\/strahlgraindryers.com\/es\/condizioni-generali-di-vendita\/","name":"Condizioni generali di vendita - Strahl","isPartOf":{"@id":"https:\/\/strahlgraindryers.com\/es\/#website"},"datePublished":"2023-12-07T14:25:31+00:00","breadcrumb":{"@id":"https:\/\/strahlgraindryers.com\/es\/condizioni-generali-di-vendita\/#breadcrumb"},"inLanguage":"es","potentialAction":[{"@type":"ReadAction","target":["https:\/\/strahlgraindryers.com\/es\/condizioni-generali-di-vendita\/"]}]},{"@type":"BreadcrumbList","@id":"https:\/\/strahlgraindryers.com\/es\/condizioni-generali-di-vendita\/#breadcrumb","itemListElement":[{"@type":"ListItem","position":1,"name":"Home","item":"https:\/\/strahlgraindryers.com\/es\/"},{"@type":"ListItem","position":2,"name":"Condizioni generali di vendita"}]},{"@type":"WebSite","@id":"https:\/\/strahlgraindryers.com\/es\/#website","url":"https:\/\/strahlgraindryers.com\/es\/","name":"https:\/\/strahlgraindryers.com\/","description":"Grain Dryers","publisher":{"@id":"https:\/\/strahlgraindryers.com\/es\/#organization"},"potentialAction":[{"@type":"SearchAction","target":{"@type":"EntryPoint","urlTemplate":"https:\/\/strahlgraindryers.com\/es\/?s={search_term_string}"},"query-input":{"@type":"PropertyValueSpecification","valueRequired":true,"valueName":"search_term_string"}}],"inLanguage":"es"},{"@type":"Organization","@id":"https:\/\/strahlgraindryers.com\/es\/#organization","name":"Strahl","url":"https:\/\/strahlgraindryers.com\/es\/","logo":{"@type":"ImageObject","inLanguage":"es","@id":"https:\/\/strahlgraindryers.com\/es\/#\/schema\/logo\/image\/","url":"https:\/\/strahlgraindryers.com\/wp-content\/uploads\/2023\/11\/Strahl_logo.jpg","contentUrl":"https:\/\/strahlgraindryers.com\/wp-content\/uploads\/2023\/11\/Strahl_logo.jpg","width":640,"height":140,"caption":"Strahl"},"image":{"@id":"https:\/\/strahlgraindryers.com\/es\/#\/schema\/logo\/image\/"},"sameAs":["https:\/\/www.linkedin.com\/company\/strahl-srl\/"]}]}},"_links":{"self":[{"href":"https:\/\/strahlgraindryers.com\/es\/wp-json\/wp\/v2\/pages\/3016","targetHints":{"allow":["GET"]}}],"collection":[{"href":"https:\/\/strahlgraindryers.com\/es\/wp-json\/wp\/v2\/pages"}],"about":[{"href":"https:\/\/strahlgraindryers.com\/es\/wp-json\/wp\/v2\/types\/page"}],"author":[{"embeddable":true,"href":"https:\/\/strahlgraindryers.com\/es\/wp-json\/wp\/v2\/users\/1"}],"replies":[{"embeddable":true,"href":"https:\/\/strahlgraindryers.com\/es\/wp-json\/wp\/v2\/comments?post=3016"}],"version-history":[{"count":0,"href":"https:\/\/strahlgraindryers.com\/es\/wp-json\/wp\/v2\/pages\/3016\/revisions"}],"wp:attachment":[{"href":"https:\/\/strahlgraindryers.com\/es\/wp-json\/wp\/v2\/media?parent=3016"}],"curies":[{"name":"wp","href":"https:\/\/api.w.org\/{rel}","templated":true}]}}