{"id":2504,"date":"2023-11-06T14:19:31","date_gmt":"2023-11-06T13:19:31","guid":{"rendered":"https:\/\/strahlgraindryers.com\/certificazioni\/"},"modified":"2025-07-04T16:02:18","modified_gmt":"2025-07-04T14:02:18","slug":"certificacion","status":"publish","type":"page","link":"https:\/\/strahlgraindryers.com\/es\/certificacion\/","title":{"rendered":"Certificaci\u00f3n"},"content":{"rendered":"<p>La calidad, la experiencia y la eficiencia logradas por Strahl tanto en los procesos operativos como en la organizaci\u00f3n de los trabajos siguen los mas altos est\u00e1ndares internacionales. Es por eso que la empresa cuenta con el reconocimiento de algunos de los organismos de certificaci\u00f3n m\u00e1s respetados en el campo de la fabricaci\u00f3n industrial.<\/p>\n","protected":false},"excerpt":{"rendered":"<p>La calidad, la experiencia y la eficiencia logradas por Strahl tanto en los procesos operativos como en la organizaci\u00f3n de los trabajos siguen los mas altos est\u00e1ndares internacionales. Es por eso que la empresa cuenta con el reconocimiento de algunos de los organismos de certificaci\u00f3n m\u00e1s respetados en el campo de la fabricaci\u00f3n industrial.<\/p>\n","protected":false},"author":1,"featured_media":2506,"parent":0,"menu_order":0,"comment_status":"closed","ping_status":"closed","template":"template-page\/page-certificazioni.php","meta":{"_acf_changed":false,"footnotes":""},"class_list":["post-2504","page","type-page","status-publish","has-post-thumbnail","hentry"],"acf":[],"yoast_head":"<!-- This site is optimized with the Yoast SEO plugin v27.2 - https:\/\/yoast.com\/product\/yoast-seo-wordpress\/ -->\n<title>Certificaci\u00f3n - Strahl<\/title>\n<meta name=\"description\" content=\"La calidad, la experiencia y la eficiencia logradas por Strahl tanto en los procesos operativos como en la organizaci\u00f3n de los trabajos siguen los mas altos est\u00e1ndares internacionales\" \/>\n<meta name=\"robots\" content=\"index, follow, max-snippet:-1, max-image-preview:large, max-video-preview:-1\" \/>\n<link rel=\"canonical\" href=\"https:\/\/strahlgraindryers.com\/es\/certificacion\/\" \/>\n<meta property=\"og:locale\" content=\"es_ES\" \/>\n<meta property=\"og:type\" content=\"article\" \/>\n<meta property=\"og:title\" content=\"Certificaci\u00f3n - Strahl\" \/>\n<meta property=\"og:description\" content=\"La calidad, la experiencia y la eficiencia logradas por Strahl tanto en los procesos operativos como en la organizaci\u00f3n de los trabajos siguen los mas altos est\u00e1ndares internacionales\" \/>\n<meta property=\"og:url\" content=\"https:\/\/strahlgraindryers.com\/es\/certificacion\/\" \/>\n<meta property=\"og:site_name\" content=\"Strahl\" \/>\n<meta property=\"article:publisher\" content=\"https:\/\/www.linkedin.com\/company\/strahl-srl\/\" \/>\n<meta property=\"article:modified_time\" content=\"2025-07-04T14:02:18+00:00\" \/>\n<meta property=\"og:image\" content=\"https:\/\/strahlgraindryers.com\/wp-content\/uploads\/2023\/11\/certificazioni.jpg\" \/>\n\t<meta property=\"og:image:width\" content=\"1920\" \/>\n\t<meta property=\"og:image:height\" content=\"1281\" \/>\n\t<meta property=\"og:image:type\" content=\"image\/jpeg\" \/>\n<meta name=\"twitter:card\" content=\"summary_large_image\" \/>\n<meta name=\"twitter:label1\" content=\"Tiempo de lectura\" \/>\n\t<meta name=\"twitter:data1\" content=\"1 minuto\" \/>\n<script type=\"application\/ld+json\" class=\"yoast-schema-graph\">{\"@context\":\"https:\/\/schema.org\",\"@graph\":[{\"@type\":\"WebPage\",\"@id\":\"https:\/\/strahlgraindryers.com\/es\/certificacion\/\",\"url\":\"https:\/\/strahlgraindryers.com\/es\/certificacion\/\",\"name\":\"Certificaci\u00f3n - Strahl\",\"isPartOf\":{\"@id\":\"https:\/\/strahlgraindryers.com\/es\/#website\"},\"primaryImageOfPage\":{\"@id\":\"https:\/\/strahlgraindryers.com\/es\/certificacion\/#primaryimage\"},\"image\":{\"@id\":\"https:\/\/strahlgraindryers.com\/es\/certificacion\/#primaryimage\"},\"thumbnailUrl\":\"https:\/\/strahlgraindryers.com\/wp-content\/uploads\/2023\/11\/certificazioni.jpg\",\"datePublished\":\"2023-11-06T13:19:31+00:00\",\"dateModified\":\"2025-07-04T14:02:18+00:00\",\"description\":\"La calidad, la experiencia y la eficiencia logradas por Strahl tanto en los procesos operativos como en la organizaci\u00f3n de los trabajos siguen los mas altos est\u00e1ndares internacionales\",\"breadcrumb\":{\"@id\":\"https:\/\/strahlgraindryers.com\/es\/certificacion\/#breadcrumb\"},\"inLanguage\":\"es\",\"potentialAction\":[{\"@type\":\"ReadAction\",\"target\":[\"https:\/\/strahlgraindryers.com\/es\/certificacion\/\"]}]},{\"@type\":\"ImageObject\",\"inLanguage\":\"es\",\"@id\":\"https:\/\/strahlgraindryers.com\/es\/certificacion\/#primaryimage\",\"url\":\"https:\/\/strahlgraindryers.com\/wp-content\/uploads\/2023\/11\/certificazioni.jpg\",\"contentUrl\":\"https:\/\/strahlgraindryers.com\/wp-content\/uploads\/2023\/11\/certificazioni.jpg\",\"width\":1920,\"height\":1281},{\"@type\":\"BreadcrumbList\",\"@id\":\"https:\/\/strahlgraindryers.com\/es\/certificacion\/#breadcrumb\",\"itemListElement\":[{\"@type\":\"ListItem\",\"position\":1,\"name\":\"Home\",\"item\":\"https:\/\/strahlgraindryers.com\/es\/\"},{\"@type\":\"ListItem\",\"position\":2,\"name\":\"Certificaci\u00f3n\"}]},{\"@type\":\"WebSite\",\"@id\":\"https:\/\/strahlgraindryers.com\/es\/#website\",\"url\":\"https:\/\/strahlgraindryers.com\/es\/\",\"name\":\"https:\/\/strahlgraindryers.com\/\",\"description\":\"Grain Dryers\",\"publisher\":{\"@id\":\"https:\/\/strahlgraindryers.com\/es\/#organization\"},\"potentialAction\":[{\"@type\":\"SearchAction\",\"target\":{\"@type\":\"EntryPoint\",\"urlTemplate\":\"https:\/\/strahlgraindryers.com\/es\/?s={search_term_string}\"},\"query-input\":{\"@type\":\"PropertyValueSpecification\",\"valueRequired\":true,\"valueName\":\"search_term_string\"}}],\"inLanguage\":\"es\"},{\"@type\":\"Organization\",\"@id\":\"https:\/\/strahlgraindryers.com\/es\/#organization\",\"name\":\"Strahl\",\"url\":\"https:\/\/strahlgraindryers.com\/es\/\",\"logo\":{\"@type\":\"ImageObject\",\"inLanguage\":\"es\",\"@id\":\"https:\/\/strahlgraindryers.com\/es\/#\/schema\/logo\/image\/\",\"url\":\"https:\/\/strahlgraindryers.com\/wp-content\/uploads\/2023\/11\/Strahl_logo.jpg\",\"contentUrl\":\"https:\/\/strahlgraindryers.com\/wp-content\/uploads\/2023\/11\/Strahl_logo.jpg\",\"width\":640,\"height\":140,\"caption\":\"Strahl\"},\"image\":{\"@id\":\"https:\/\/strahlgraindryers.com\/es\/#\/schema\/logo\/image\/\"},\"sameAs\":[\"https:\/\/www.linkedin.com\/company\/strahl-srl\/\"]}]}<\/script>\n<!-- \/ Yoast SEO plugin. -->","yoast_head_json":{"title":"Certificaci\u00f3n - Strahl","description":"La calidad, la experiencia y la eficiencia logradas por Strahl tanto en los procesos operativos como en la organizaci\u00f3n de los trabajos siguen los mas altos est\u00e1ndares internacionales","robots":{"index":"index","follow":"follow","max-snippet":"max-snippet:-1","max-image-preview":"max-image-preview:large","max-video-preview":"max-video-preview:-1"},"canonical":"https:\/\/strahlgraindryers.com\/es\/certificacion\/","og_locale":"es_ES","og_type":"article","og_title":"Certificaci\u00f3n - Strahl","og_description":"La calidad, la experiencia y la eficiencia logradas por Strahl tanto en los procesos operativos como en la organizaci\u00f3n de los trabajos siguen los mas altos est\u00e1ndares internacionales","og_url":"https:\/\/strahlgraindryers.com\/es\/certificacion\/","og_site_name":"Strahl","article_publisher":"https:\/\/www.linkedin.com\/company\/strahl-srl\/","article_modified_time":"2025-07-04T14:02:18+00:00","og_image":[{"width":1920,"height":1281,"url":"https:\/\/strahlgraindryers.com\/wp-content\/uploads\/2023\/11\/certificazioni.jpg","type":"image\/jpeg"}],"twitter_card":"summary_large_image","twitter_misc":{"Tiempo de lectura":"1 minuto"},"schema":{"@context":"https:\/\/schema.org","@graph":[{"@type":"WebPage","@id":"https:\/\/strahlgraindryers.com\/es\/certificacion\/","url":"https:\/\/strahlgraindryers.com\/es\/certificacion\/","name":"Certificaci\u00f3n - Strahl","isPartOf":{"@id":"https:\/\/strahlgraindryers.com\/es\/#website"},"primaryImageOfPage":{"@id":"https:\/\/strahlgraindryers.com\/es\/certificacion\/#primaryimage"},"image":{"@id":"https:\/\/strahlgraindryers.com\/es\/certificacion\/#primaryimage"},"thumbnailUrl":"https:\/\/strahlgraindryers.com\/wp-content\/uploads\/2023\/11\/certificazioni.jpg","datePublished":"2023-11-06T13:19:31+00:00","dateModified":"2025-07-04T14:02:18+00:00","description":"La calidad, la experiencia y la eficiencia logradas por Strahl tanto en los procesos operativos como en la organizaci\u00f3n de los trabajos siguen los mas altos est\u00e1ndares internacionales","breadcrumb":{"@id":"https:\/\/strahlgraindryers.com\/es\/certificacion\/#breadcrumb"},"inLanguage":"es","potentialAction":[{"@type":"ReadAction","target":["https:\/\/strahlgraindryers.com\/es\/certificacion\/"]}]},{"@type":"ImageObject","inLanguage":"es","@id":"https:\/\/strahlgraindryers.com\/es\/certificacion\/#primaryimage","url":"https:\/\/strahlgraindryers.com\/wp-content\/uploads\/2023\/11\/certificazioni.jpg","contentUrl":"https:\/\/strahlgraindryers.com\/wp-content\/uploads\/2023\/11\/certificazioni.jpg","width":1920,"height":1281},{"@type":"BreadcrumbList","@id":"https:\/\/strahlgraindryers.com\/es\/certificacion\/#breadcrumb","itemListElement":[{"@type":"ListItem","position":1,"name":"Home","item":"https:\/\/strahlgraindryers.com\/es\/"},{"@type":"ListItem","position":2,"name":"Certificaci\u00f3n"}]},{"@type":"WebSite","@id":"https:\/\/strahlgraindryers.com\/es\/#website","url":"https:\/\/strahlgraindryers.com\/es\/","name":"https:\/\/strahlgraindryers.com\/","description":"Grain Dryers","publisher":{"@id":"https:\/\/strahlgraindryers.com\/es\/#organization"},"potentialAction":[{"@type":"SearchAction","target":{"@type":"EntryPoint","urlTemplate":"https:\/\/strahlgraindryers.com\/es\/?s={search_term_string}"},"query-input":{"@type":"PropertyValueSpecification","valueRequired":true,"valueName":"search_term_string"}}],"inLanguage":"es"},{"@type":"Organization","@id":"https:\/\/strahlgraindryers.com\/es\/#organization","name":"Strahl","url":"https:\/\/strahlgraindryers.com\/es\/","logo":{"@type":"ImageObject","inLanguage":"es","@id":"https:\/\/strahlgraindryers.com\/es\/#\/schema\/logo\/image\/","url":"https:\/\/strahlgraindryers.com\/wp-content\/uploads\/2023\/11\/Strahl_logo.jpg","contentUrl":"https:\/\/strahlgraindryers.com\/wp-content\/uploads\/2023\/11\/Strahl_logo.jpg","width":640,"height":140,"caption":"Strahl"},"image":{"@id":"https:\/\/strahlgraindryers.com\/es\/#\/schema\/logo\/image\/"},"sameAs":["https:\/\/www.linkedin.com\/company\/strahl-srl\/"]}]}},"_links":{"self":[{"href":"https:\/\/strahlgraindryers.com\/es\/wp-json\/wp\/v2\/pages\/2504","targetHints":{"allow":["GET"]}}],"collection":[{"href":"https:\/\/strahlgraindryers.com\/es\/wp-json\/wp\/v2\/pages"}],"about":[{"href":"https:\/\/strahlgraindryers.com\/es\/wp-json\/wp\/v2\/types\/page"}],"author":[{"embeddable":true,"href":"https:\/\/strahlgraindryers.com\/es\/wp-json\/wp\/v2\/users\/1"}],"replies":[{"embeddable":true,"href":"https:\/\/strahlgraindryers.com\/es\/wp-json\/wp\/v2\/comments?post=2504"}],"version-history":[{"count":2,"href":"https:\/\/strahlgraindryers.com\/es\/wp-json\/wp\/v2\/pages\/2504\/revisions"}],"predecessor-version":[{"id":2511,"href":"https:\/\/strahlgraindryers.com\/es\/wp-json\/wp\/v2\/pages\/2504\/revisions\/2511"}],"wp:featuredmedia":[{"embeddable":true,"href":"https:\/\/strahlgraindryers.com\/es\/wp-json\/wp\/v2\/media\/2506"}],"wp:attachment":[{"href":"https:\/\/strahlgraindryers.com\/es\/wp-json\/wp\/v2\/media?parent=2504"}],"curies":[{"name":"wp","href":"https:\/\/api.w.org\/{rel}","templated":true}]}}