{"id":2492,"date":"2023-10-26T10:49:48","date_gmt":"2023-10-26T08:49:48","guid":{"rendered":"http:\/\/localhost:8888\/strahl\/sistemi-di-controllo\/"},"modified":"2026-04-01T10:18:55","modified_gmt":"2026-04-01T08:18:55","slug":"sistemas-de-control","status":"publish","type":"page","link":"https:\/\/strahlgraindryers.com\/es\/sistemas-de-control\/","title":{"rendered":"Sistemas de control"},"content":{"rendered":"<p>Para gestionar los procesos de secado en tiempo real, optimizando el resultado, nuestros sistemas permiten ajustar los niveles de temperatura, humedad y tiempo de secado, en funci\u00f3n de las caracteristicas de cada lote individual, de modo que cada lote se trata de forma especifica y se consigue siempre un secado perfecto. Los datos del proceso se pueden registrar para permitir el an\u00e1lisis hist\u00f3rico y las estad\u00f1isticas de monitoreo.<\/p>\n","protected":false},"excerpt":{"rendered":"<p>Para gestionar los procesos de secado en tiempo real, optimizando el resultado, nuestros sistemas permiten ajustar los niveles de temperatura, humedad y tiempo de secado, en funci\u00f3n de las caracteristicas de cada lote individual, de modo que cada lote se trata de forma especifica y se consigue siempre un secado perfecto. Los datos del proceso [&hellip;]<\/p>\n","protected":false},"author":1,"featured_media":2493,"parent":0,"menu_order":0,"comment_status":"closed","ping_status":"closed","template":"","meta":{"_acf_changed":false,"footnotes":""},"class_list":["post-2492","page","type-page","status-publish","has-post-thumbnail","hentry"],"acf":[],"yoast_head":"<!-- This site is optimized with the Yoast SEO plugin v27.6 - https:\/\/yoast.com\/product\/yoast-seo-wordpress\/ -->\n<title>Sistemas de control - Strahl<\/title>\n<meta name=\"description\" content=\"Para gestionar los procesos de secado en tiempo real, optimizando el resultado, temperatura, humedad y tiempo de secado in tiempo real\" \/>\n<meta name=\"robots\" content=\"index, follow, max-snippet:-1, max-image-preview:large, max-video-preview:-1\" \/>\n<link rel=\"canonical\" href=\"https:\/\/strahlgraindryers.com\/es\/sistemas-de-control\/\" \/>\n<meta property=\"og:locale\" content=\"es_ES\" \/>\n<meta property=\"og:type\" content=\"article\" \/>\n<meta property=\"og:title\" content=\"Sistemas de control - Strahl\" \/>\n<meta property=\"og:description\" content=\"Para gestionar los procesos de secado en tiempo real, optimizando el resultado, temperatura, humedad y tiempo de secado in tiempo real\" \/>\n<meta property=\"og:url\" content=\"https:\/\/strahlgraindryers.com\/es\/sistemas-de-control\/\" \/>\n<meta property=\"og:site_name\" content=\"Strahl\" \/>\n<meta property=\"article:publisher\" content=\"https:\/\/www.linkedin.com\/company\/strahl-srl\/\" \/>\n<meta property=\"article:modified_time\" content=\"2026-04-01T08:18:55+00:00\" \/>\n<meta property=\"og:image\" content=\"https:\/\/strahlgraindryers.com\/wp-content\/uploads\/2023\/10\/software_hdmi.jpg\" \/>\n\t<meta property=\"og:image:width\" content=\"1920\" \/>\n\t<meta property=\"og:image:height\" content=\"1281\" \/>\n\t<meta property=\"og:image:type\" content=\"image\/jpeg\" \/>\n<meta name=\"twitter:card\" content=\"summary_large_image\" \/>\n<meta name=\"twitter:label1\" content=\"Tiempo de lectura\" \/>\n\t<meta name=\"twitter:data1\" content=\"1 minuto\" \/>\n<script type=\"application\/ld+json\" class=\"yoast-schema-graph\">{\"@context\":\"https:\\\/\\\/schema.org\",\"@graph\":[{\"@type\":\"WebPage\",\"@id\":\"https:\\\/\\\/strahlgraindryers.com\\\/es\\\/sistemas-de-control\\\/\",\"url\":\"https:\\\/\\\/strahlgraindryers.com\\\/es\\\/sistemas-de-control\\\/\",\"name\":\"Sistemas de control - Strahl\",\"isPartOf\":{\"@id\":\"https:\\\/\\\/strahlgraindryers.com\\\/es\\\/#website\"},\"primaryImageOfPage\":{\"@id\":\"https:\\\/\\\/strahlgraindryers.com\\\/es\\\/sistemas-de-control\\\/#primaryimage\"},\"image\":{\"@id\":\"https:\\\/\\\/strahlgraindryers.com\\\/es\\\/sistemas-de-control\\\/#primaryimage\"},\"thumbnailUrl\":\"https:\\\/\\\/strahlgraindryers.com\\\/wp-content\\\/uploads\\\/2023\\\/10\\\/software_hdmi.jpg\",\"datePublished\":\"2023-10-26T08:49:48+00:00\",\"dateModified\":\"2026-04-01T08:18:55+00:00\",\"description\":\"Para gestionar los procesos de secado en tiempo real, optimizando el resultado, temperatura, humedad y tiempo de secado in tiempo real\",\"breadcrumb\":{\"@id\":\"https:\\\/\\\/strahlgraindryers.com\\\/es\\\/sistemas-de-control\\\/#breadcrumb\"},\"inLanguage\":\"es\",\"potentialAction\":[{\"@type\":\"ReadAction\",\"target\":[\"https:\\\/\\\/strahlgraindryers.com\\\/es\\\/sistemas-de-control\\\/\"]}]},{\"@type\":\"ImageObject\",\"inLanguage\":\"es\",\"@id\":\"https:\\\/\\\/strahlgraindryers.com\\\/es\\\/sistemas-de-control\\\/#primaryimage\",\"url\":\"https:\\\/\\\/strahlgraindryers.com\\\/wp-content\\\/uploads\\\/2023\\\/10\\\/software_hdmi.jpg\",\"contentUrl\":\"https:\\\/\\\/strahlgraindryers.com\\\/wp-content\\\/uploads\\\/2023\\\/10\\\/software_hdmi.jpg\",\"width\":1920,\"height\":1281},{\"@type\":\"BreadcrumbList\",\"@id\":\"https:\\\/\\\/strahlgraindryers.com\\\/es\\\/sistemas-de-control\\\/#breadcrumb\",\"itemListElement\":[{\"@type\":\"ListItem\",\"position\":1,\"name\":\"Portada\",\"item\":\"https:\\\/\\\/strahlgraindryers.com\\\/es\\\/\"},{\"@type\":\"ListItem\",\"position\":2,\"name\":\"Sistemas de control\"}]},{\"@type\":\"WebSite\",\"@id\":\"https:\\\/\\\/strahlgraindryers.com\\\/es\\\/#website\",\"url\":\"https:\\\/\\\/strahlgraindryers.com\\\/es\\\/\",\"name\":\"Strahl\",\"description\":\"Grain Dryers\",\"potentialAction\":[{\"@type\":\"SearchAction\",\"target\":{\"@type\":\"EntryPoint\",\"urlTemplate\":\"https:\\\/\\\/strahlgraindryers.com\\\/es\\\/?s={search_term_string}\"},\"query-input\":{\"@type\":\"PropertyValueSpecification\",\"valueRequired\":true,\"valueName\":\"search_term_string\"}}],\"inLanguage\":\"es\"}]}<\/script>\n<!-- \/ Yoast SEO plugin. -->","yoast_head_json":{"title":"Sistemas de control - Strahl","description":"Para gestionar los procesos de secado en tiempo real, optimizando el resultado, temperatura, humedad y tiempo de secado in tiempo real","robots":{"index":"index","follow":"follow","max-snippet":"max-snippet:-1","max-image-preview":"max-image-preview:large","max-video-preview":"max-video-preview:-1"},"canonical":"https:\/\/strahlgraindryers.com\/es\/sistemas-de-control\/","og_locale":"es_ES","og_type":"article","og_title":"Sistemas de control - Strahl","og_description":"Para gestionar los procesos de secado en tiempo real, optimizando el resultado, temperatura, humedad y tiempo de secado in tiempo real","og_url":"https:\/\/strahlgraindryers.com\/es\/sistemas-de-control\/","og_site_name":"Strahl","article_publisher":"https:\/\/www.linkedin.com\/company\/strahl-srl\/","article_modified_time":"2026-04-01T08:18:55+00:00","og_image":[{"width":1920,"height":1281,"url":"https:\/\/strahlgraindryers.com\/wp-content\/uploads\/2023\/10\/software_hdmi.jpg","type":"image\/jpeg"}],"twitter_card":"summary_large_image","twitter_misc":{"Tiempo de lectura":"1 minuto"},"schema":{"@context":"https:\/\/schema.org","@graph":[{"@type":"WebPage","@id":"https:\/\/strahlgraindryers.com\/es\/sistemas-de-control\/","url":"https:\/\/strahlgraindryers.com\/es\/sistemas-de-control\/","name":"Sistemas de control - Strahl","isPartOf":{"@id":"https:\/\/strahlgraindryers.com\/es\/#website"},"primaryImageOfPage":{"@id":"https:\/\/strahlgraindryers.com\/es\/sistemas-de-control\/#primaryimage"},"image":{"@id":"https:\/\/strahlgraindryers.com\/es\/sistemas-de-control\/#primaryimage"},"thumbnailUrl":"https:\/\/strahlgraindryers.com\/wp-content\/uploads\/2023\/10\/software_hdmi.jpg","datePublished":"2023-10-26T08:49:48+00:00","dateModified":"2026-04-01T08:18:55+00:00","description":"Para gestionar los procesos de secado en tiempo real, optimizando el resultado, temperatura, humedad y tiempo de secado in tiempo real","breadcrumb":{"@id":"https:\/\/strahlgraindryers.com\/es\/sistemas-de-control\/#breadcrumb"},"inLanguage":"es","potentialAction":[{"@type":"ReadAction","target":["https:\/\/strahlgraindryers.com\/es\/sistemas-de-control\/"]}]},{"@type":"ImageObject","inLanguage":"es","@id":"https:\/\/strahlgraindryers.com\/es\/sistemas-de-control\/#primaryimage","url":"https:\/\/strahlgraindryers.com\/wp-content\/uploads\/2023\/10\/software_hdmi.jpg","contentUrl":"https:\/\/strahlgraindryers.com\/wp-content\/uploads\/2023\/10\/software_hdmi.jpg","width":1920,"height":1281},{"@type":"BreadcrumbList","@id":"https:\/\/strahlgraindryers.com\/es\/sistemas-de-control\/#breadcrumb","itemListElement":[{"@type":"ListItem","position":1,"name":"Portada","item":"https:\/\/strahlgraindryers.com\/es\/"},{"@type":"ListItem","position":2,"name":"Sistemas de control"}]},{"@type":"WebSite","@id":"https:\/\/strahlgraindryers.com\/es\/#website","url":"https:\/\/strahlgraindryers.com\/es\/","name":"Strahl","description":"Grain Dryers","potentialAction":[{"@type":"SearchAction","target":{"@type":"EntryPoint","urlTemplate":"https:\/\/strahlgraindryers.com\/es\/?s={search_term_string}"},"query-input":{"@type":"PropertyValueSpecification","valueRequired":true,"valueName":"search_term_string"}}],"inLanguage":"es"}]}},"_links":{"self":[{"href":"https:\/\/strahlgraindryers.com\/es\/wp-json\/wp\/v2\/pages\/2492","targetHints":{"allow":["GET"]}}],"collection":[{"href":"https:\/\/strahlgraindryers.com\/es\/wp-json\/wp\/v2\/pages"}],"about":[{"href":"https:\/\/strahlgraindryers.com\/es\/wp-json\/wp\/v2\/types\/page"}],"author":[{"embeddable":true,"href":"https:\/\/strahlgraindryers.com\/es\/wp-json\/wp\/v2\/users\/1"}],"replies":[{"embeddable":true,"href":"https:\/\/strahlgraindryers.com\/es\/wp-json\/wp\/v2\/comments?post=2492"}],"version-history":[{"count":0,"href":"https:\/\/strahlgraindryers.com\/es\/wp-json\/wp\/v2\/pages\/2492\/revisions"}],"wp:featuredmedia":[{"embeddable":true,"href":"https:\/\/strahlgraindryers.com\/es\/wp-json\/wp\/v2\/media\/2493"}],"wp:attachment":[{"href":"https:\/\/strahlgraindryers.com\/es\/wp-json\/wp\/v2\/media?parent=2492"}],"curies":[{"name":"wp","href":"https:\/\/api.w.org\/{rel}","templated":true}]}}