{"id":2458,"date":"2023-10-26T10:18:50","date_gmt":"2023-10-26T08:18:50","guid":{"rendered":"https:\/\/strahlgraindryers.com\/tecnologia-costruttiva\/"},"modified":"2025-07-04T15:04:19","modified_gmt":"2025-07-04T13:04:19","slug":"tecnologia-de-construccion","status":"publish","type":"page","link":"https:\/\/strahlgraindryers.com\/es\/tecnologia-de-construccion\/","title":{"rendered":"Tecnolog\u00eda de construcci\u00f3n"},"content":{"rendered":"<p>Los secadores Strahl est\u00e1n fabricados con materiales y mano de obra superiores, utilizando tecnolog\u00eda rob\u00f3tica y automatizaci\u00f3n de alto nivel para hacer que los productos sean s\u00f3lidos, fuertes y perfectos en todas las condiciones. La estructura siempre se ensambla y prueba internamente antes de la entrega, para garantizar la m\u00e1xima fiabilidad.<\/p>\n","protected":false},"excerpt":{"rendered":"<p>Los secadores Strahl est\u00e1n fabricados con materiales y mano de obra superiores, utilizando tecnolog\u00eda rob\u00f3tica y automatizaci\u00f3n de alto nivel para hacer que los productos sean s\u00f3lidos, fuertes y perfectos en todas las condiciones. La estructura siempre se ensambla y prueba internamente antes de la entrega, para garantizar la m\u00e1xima fiabilidad.<\/p>\n","protected":false},"author":1,"featured_media":2460,"parent":0,"menu_order":0,"comment_status":"closed","ping_status":"closed","template":"","meta":{"_acf_changed":false,"footnotes":""},"class_list":["post-2458","page","type-page","status-publish","has-post-thumbnail","hentry"],"acf":[],"yoast_head":"<!-- This site is optimized with the Yoast SEO plugin v27.3 - https:\/\/yoast.com\/product\/yoast-seo-wordpress\/ -->\n<title>Tecnolog\u00eda de construcci\u00f3n - Strahl<\/title>\n<meta name=\"description\" content=\"abricados con materiales y mano de obra superiores, utilizando tecnolog\u00eda rob\u00f3tica y automatizaci\u00f3n de alto nivel\" \/>\n<meta name=\"robots\" content=\"index, follow, max-snippet:-1, max-image-preview:large, max-video-preview:-1\" \/>\n<link rel=\"canonical\" href=\"https:\/\/strahlgraindryers.com\/es\/tecnologia-de-construccion\/\" \/>\n<meta property=\"og:locale\" content=\"es_ES\" \/>\n<meta property=\"og:type\" content=\"article\" \/>\n<meta property=\"og:title\" content=\"Tecnolog\u00eda de construcci\u00f3n - Strahl\" \/>\n<meta property=\"og:description\" content=\"abricados con materiales y mano de obra superiores, utilizando tecnolog\u00eda rob\u00f3tica y automatizaci\u00f3n de alto nivel\" \/>\n<meta property=\"og:url\" content=\"https:\/\/strahlgraindryers.com\/es\/tecnologia-de-construccion\/\" \/>\n<meta property=\"og:site_name\" content=\"Strahl\" \/>\n<meta property=\"article:publisher\" content=\"https:\/\/www.linkedin.com\/company\/strahl-srl\/\" \/>\n<meta property=\"article:modified_time\" content=\"2025-07-04T13:04:19+00:00\" \/>\n<meta property=\"og:image\" content=\"https:\/\/strahlgraindryers.com\/wp-content\/uploads\/2023\/11\/Strahl__589.jpg\" \/>\n\t<meta property=\"og:image:width\" content=\"1920\" \/>\n\t<meta property=\"og:image:height\" content=\"1281\" \/>\n\t<meta property=\"og:image:type\" content=\"image\/jpeg\" \/>\n<meta name=\"twitter:card\" content=\"summary_large_image\" \/>\n<meta name=\"twitter:label1\" content=\"Tiempo de lectura\" \/>\n\t<meta name=\"twitter:data1\" content=\"1 minuto\" \/>\n<script type=\"application\/ld+json\" class=\"yoast-schema-graph\">{\"@context\":\"https:\\\/\\\/schema.org\",\"@graph\":[{\"@type\":\"WebPage\",\"@id\":\"https:\\\/\\\/strahlgraindryers.com\\\/es\\\/tecnologia-de-construccion\\\/\",\"url\":\"https:\\\/\\\/strahlgraindryers.com\\\/es\\\/tecnologia-de-construccion\\\/\",\"name\":\"Tecnolog\u00eda de construcci\u00f3n - Strahl\",\"isPartOf\":{\"@id\":\"https:\\\/\\\/strahlgraindryers.com\\\/es\\\/#website\"},\"primaryImageOfPage\":{\"@id\":\"https:\\\/\\\/strahlgraindryers.com\\\/es\\\/tecnologia-de-construccion\\\/#primaryimage\"},\"image\":{\"@id\":\"https:\\\/\\\/strahlgraindryers.com\\\/es\\\/tecnologia-de-construccion\\\/#primaryimage\"},\"thumbnailUrl\":\"https:\\\/\\\/strahlgraindryers.com\\\/wp-content\\\/uploads\\\/2023\\\/11\\\/Strahl__589.jpg\",\"datePublished\":\"2023-10-26T08:18:50+00:00\",\"dateModified\":\"2025-07-04T13:04:19+00:00\",\"description\":\"abricados con materiales y mano de obra superiores, utilizando tecnolog\u00eda rob\u00f3tica y automatizaci\u00f3n de alto nivel\",\"breadcrumb\":{\"@id\":\"https:\\\/\\\/strahlgraindryers.com\\\/es\\\/tecnologia-de-construccion\\\/#breadcrumb\"},\"inLanguage\":\"es\",\"potentialAction\":[{\"@type\":\"ReadAction\",\"target\":[\"https:\\\/\\\/strahlgraindryers.com\\\/es\\\/tecnologia-de-construccion\\\/\"]}]},{\"@type\":\"ImageObject\",\"inLanguage\":\"es\",\"@id\":\"https:\\\/\\\/strahlgraindryers.com\\\/es\\\/tecnologia-de-construccion\\\/#primaryimage\",\"url\":\"https:\\\/\\\/strahlgraindryers.com\\\/wp-content\\\/uploads\\\/2023\\\/11\\\/Strahl__589.jpg\",\"contentUrl\":\"https:\\\/\\\/strahlgraindryers.com\\\/wp-content\\\/uploads\\\/2023\\\/11\\\/Strahl__589.jpg\",\"width\":1920,\"height\":1281},{\"@type\":\"BreadcrumbList\",\"@id\":\"https:\\\/\\\/strahlgraindryers.com\\\/es\\\/tecnologia-de-construccion\\\/#breadcrumb\",\"itemListElement\":[{\"@type\":\"ListItem\",\"position\":1,\"name\":\"Home\",\"item\":\"https:\\\/\\\/strahlgraindryers.com\\\/es\\\/\"},{\"@type\":\"ListItem\",\"position\":2,\"name\":\"Tecnolog\u00eda de construcci\u00f3n\"}]},{\"@type\":\"WebSite\",\"@id\":\"https:\\\/\\\/strahlgraindryers.com\\\/es\\\/#website\",\"url\":\"https:\\\/\\\/strahlgraindryers.com\\\/es\\\/\",\"name\":\"https:\\\/\\\/strahlgraindryers.com\\\/\",\"description\":\"Grain Dryers\",\"publisher\":{\"@id\":\"https:\\\/\\\/strahlgraindryers.com\\\/es\\\/#organization\"},\"potentialAction\":[{\"@type\":\"SearchAction\",\"target\":{\"@type\":\"EntryPoint\",\"urlTemplate\":\"https:\\\/\\\/strahlgraindryers.com\\\/es\\\/?s={search_term_string}\"},\"query-input\":{\"@type\":\"PropertyValueSpecification\",\"valueRequired\":true,\"valueName\":\"search_term_string\"}}],\"inLanguage\":\"es\"},{\"@type\":\"Organization\",\"@id\":\"https:\\\/\\\/strahlgraindryers.com\\\/es\\\/#organization\",\"name\":\"Strahl\",\"url\":\"https:\\\/\\\/strahlgraindryers.com\\\/es\\\/\",\"logo\":{\"@type\":\"ImageObject\",\"inLanguage\":\"es\",\"@id\":\"https:\\\/\\\/strahlgraindryers.com\\\/es\\\/#\\\/schema\\\/logo\\\/image\\\/\",\"url\":\"https:\\\/\\\/strahlgraindryers.com\\\/wp-content\\\/uploads\\\/2023\\\/11\\\/Strahl_logo.jpg\",\"contentUrl\":\"https:\\\/\\\/strahlgraindryers.com\\\/wp-content\\\/uploads\\\/2023\\\/11\\\/Strahl_logo.jpg\",\"width\":640,\"height\":140,\"caption\":\"Strahl\"},\"image\":{\"@id\":\"https:\\\/\\\/strahlgraindryers.com\\\/es\\\/#\\\/schema\\\/logo\\\/image\\\/\"},\"sameAs\":[\"https:\\\/\\\/www.linkedin.com\\\/company\\\/strahl-srl\\\/\"]}]}<\/script>\n<!-- \/ Yoast SEO plugin. -->","yoast_head_json":{"title":"Tecnolog\u00eda de construcci\u00f3n - Strahl","description":"abricados con materiales y mano de obra superiores, utilizando tecnolog\u00eda rob\u00f3tica y automatizaci\u00f3n de alto nivel","robots":{"index":"index","follow":"follow","max-snippet":"max-snippet:-1","max-image-preview":"max-image-preview:large","max-video-preview":"max-video-preview:-1"},"canonical":"https:\/\/strahlgraindryers.com\/es\/tecnologia-de-construccion\/","og_locale":"es_ES","og_type":"article","og_title":"Tecnolog\u00eda de construcci\u00f3n - Strahl","og_description":"abricados con materiales y mano de obra superiores, utilizando tecnolog\u00eda rob\u00f3tica y automatizaci\u00f3n de alto nivel","og_url":"https:\/\/strahlgraindryers.com\/es\/tecnologia-de-construccion\/","og_site_name":"Strahl","article_publisher":"https:\/\/www.linkedin.com\/company\/strahl-srl\/","article_modified_time":"2025-07-04T13:04:19+00:00","og_image":[{"width":1920,"height":1281,"url":"https:\/\/strahlgraindryers.com\/wp-content\/uploads\/2023\/11\/Strahl__589.jpg","type":"image\/jpeg"}],"twitter_card":"summary_large_image","twitter_misc":{"Tiempo de lectura":"1 minuto"},"schema":{"@context":"https:\/\/schema.org","@graph":[{"@type":"WebPage","@id":"https:\/\/strahlgraindryers.com\/es\/tecnologia-de-construccion\/","url":"https:\/\/strahlgraindryers.com\/es\/tecnologia-de-construccion\/","name":"Tecnolog\u00eda de construcci\u00f3n - Strahl","isPartOf":{"@id":"https:\/\/strahlgraindryers.com\/es\/#website"},"primaryImageOfPage":{"@id":"https:\/\/strahlgraindryers.com\/es\/tecnologia-de-construccion\/#primaryimage"},"image":{"@id":"https:\/\/strahlgraindryers.com\/es\/tecnologia-de-construccion\/#primaryimage"},"thumbnailUrl":"https:\/\/strahlgraindryers.com\/wp-content\/uploads\/2023\/11\/Strahl__589.jpg","datePublished":"2023-10-26T08:18:50+00:00","dateModified":"2025-07-04T13:04:19+00:00","description":"abricados con materiales y mano de obra superiores, utilizando tecnolog\u00eda rob\u00f3tica y automatizaci\u00f3n de alto nivel","breadcrumb":{"@id":"https:\/\/strahlgraindryers.com\/es\/tecnologia-de-construccion\/#breadcrumb"},"inLanguage":"es","potentialAction":[{"@type":"ReadAction","target":["https:\/\/strahlgraindryers.com\/es\/tecnologia-de-construccion\/"]}]},{"@type":"ImageObject","inLanguage":"es","@id":"https:\/\/strahlgraindryers.com\/es\/tecnologia-de-construccion\/#primaryimage","url":"https:\/\/strahlgraindryers.com\/wp-content\/uploads\/2023\/11\/Strahl__589.jpg","contentUrl":"https:\/\/strahlgraindryers.com\/wp-content\/uploads\/2023\/11\/Strahl__589.jpg","width":1920,"height":1281},{"@type":"BreadcrumbList","@id":"https:\/\/strahlgraindryers.com\/es\/tecnologia-de-construccion\/#breadcrumb","itemListElement":[{"@type":"ListItem","position":1,"name":"Home","item":"https:\/\/strahlgraindryers.com\/es\/"},{"@type":"ListItem","position":2,"name":"Tecnolog\u00eda de construcci\u00f3n"}]},{"@type":"WebSite","@id":"https:\/\/strahlgraindryers.com\/es\/#website","url":"https:\/\/strahlgraindryers.com\/es\/","name":"https:\/\/strahlgraindryers.com\/","description":"Grain Dryers","publisher":{"@id":"https:\/\/strahlgraindryers.com\/es\/#organization"},"potentialAction":[{"@type":"SearchAction","target":{"@type":"EntryPoint","urlTemplate":"https:\/\/strahlgraindryers.com\/es\/?s={search_term_string}"},"query-input":{"@type":"PropertyValueSpecification","valueRequired":true,"valueName":"search_term_string"}}],"inLanguage":"es"},{"@type":"Organization","@id":"https:\/\/strahlgraindryers.com\/es\/#organization","name":"Strahl","url":"https:\/\/strahlgraindryers.com\/es\/","logo":{"@type":"ImageObject","inLanguage":"es","@id":"https:\/\/strahlgraindryers.com\/es\/#\/schema\/logo\/image\/","url":"https:\/\/strahlgraindryers.com\/wp-content\/uploads\/2023\/11\/Strahl_logo.jpg","contentUrl":"https:\/\/strahlgraindryers.com\/wp-content\/uploads\/2023\/11\/Strahl_logo.jpg","width":640,"height":140,"caption":"Strahl"},"image":{"@id":"https:\/\/strahlgraindryers.com\/es\/#\/schema\/logo\/image\/"},"sameAs":["https:\/\/www.linkedin.com\/company\/strahl-srl\/"]}]}},"_links":{"self":[{"href":"https:\/\/strahlgraindryers.com\/es\/wp-json\/wp\/v2\/pages\/2458","targetHints":{"allow":["GET"]}}],"collection":[{"href":"https:\/\/strahlgraindryers.com\/es\/wp-json\/wp\/v2\/pages"}],"about":[{"href":"https:\/\/strahlgraindryers.com\/es\/wp-json\/wp\/v2\/types\/page"}],"author":[{"embeddable":true,"href":"https:\/\/strahlgraindryers.com\/es\/wp-json\/wp\/v2\/users\/1"}],"replies":[{"embeddable":true,"href":"https:\/\/strahlgraindryers.com\/es\/wp-json\/wp\/v2\/comments?post=2458"}],"version-history":[{"count":2,"href":"https:\/\/strahlgraindryers.com\/es\/wp-json\/wp\/v2\/pages\/2458\/revisions"}],"predecessor-version":[{"id":2473,"href":"https:\/\/strahlgraindryers.com\/es\/wp-json\/wp\/v2\/pages\/2458\/revisions\/2473"}],"wp:featuredmedia":[{"embeddable":true,"href":"https:\/\/strahlgraindryers.com\/es\/wp-json\/wp\/v2\/media\/2460"}],"wp:attachment":[{"href":"https:\/\/strahlgraindryers.com\/es\/wp-json\/wp\/v2\/media?parent=2458"}],"curies":[{"name":"wp","href":"https:\/\/api.w.org\/{rel}","templated":true}]}}