{"id":2442,"date":"2023-10-26T09:31:20","date_gmt":"2023-10-26T07:31:20","guid":{"rendered":"https:\/\/strahlgraindryers.com\/chi-siamo\/"},"modified":"2025-07-04T14:58:00","modified_gmt":"2025-07-04T12:58:00","slug":"acerca-de-strahl","status":"publish","type":"page","link":"https:\/\/strahlgraindryers.com\/es\/acerca-de-strahl\/","title":{"rendered":"Acerca de Strahl"},"content":{"rendered":"<p>Strahl ha estado produciendo secadoresd de grano desde 1966. Desde Villorba, en Treviso, donde se fund\u00f3 y donde mantiene sus raices operativas y productivas, Strahl se ha convertido, con el tiempo, en un lider mundial en el sector de secadores de cereales, con miles de secadores producidos y decenas de mercados atendidos en todo el mundo.<\/p>\n<p>Su capacidad de innovaci\u00f3n, personalizaci\u00f3n, fiabilidad y meticulosa atenci\u00f3n al servicio postventas son los factores que han permitido a la empresa construir una s\u00f3lida reputaci\u00f3n internacional; Strahl es ahora el lider europeo en el sector de los secadores de grano, con m\u00e1s del 80 % de la producci\u00f3n destinada al mercado exterior y una incesante expansi\u00f3n hacia nuevos mercados. La reciente adquisici\u00f3n de la marca de secadores Agrimec, que se ha integrado a la estructura de la empresa, ha permitido a Strahl seguir implentando una cartera de productos completa y flexible.<\/p>\n<p>Strahl invierte constantemente en innovaci\u00f3n digital e investigaci\u00f3n ecologicamente sostenible, aprovechando las herramientas mas avanzadas en terminos de tecnolog\u00eda agricola<\/p>\n","protected":false},"excerpt":{"rendered":"<p>Strahl ha estado produciendo secadoresd de grano desde 1966. Desde Villorba, en Treviso, donde se fund\u00f3 y donde mantiene sus raices operativas y productivas, Strahl se ha convertido, con el tiempo, en un lider mundial en el sector de secadores de cereales, con miles de secadores producidos y decenas de mercados atendidos en todo el [&hellip;]<\/p>\n","protected":false},"author":1,"featured_media":2259,"parent":0,"menu_order":0,"comment_status":"closed","ping_status":"closed","template":"template-page\/page-about.php","meta":{"_acf_changed":false,"footnotes":""},"class_list":["post-2442","page","type-page","status-publish","has-post-thumbnail","hentry"],"acf":[],"yoast_head":"<!-- This site is optimized with the Yoast SEO plugin v27.3 - https:\/\/yoast.com\/product\/yoast-seo-wordpress\/ -->\n<title>Acerca de Strahl - Strahl<\/title>\n<meta name=\"description\" content=\"Strahl se ha convertido, con el tiempo, en un lider mundial en el sector de secadores de cereales\" \/>\n<meta name=\"robots\" content=\"index, follow, max-snippet:-1, max-image-preview:large, max-video-preview:-1\" \/>\n<link rel=\"canonical\" href=\"https:\/\/strahlgraindryers.com\/es\/acerca-de-strahl\/\" \/>\n<meta property=\"og:locale\" content=\"es_ES\" \/>\n<meta property=\"og:type\" content=\"article\" \/>\n<meta property=\"og:title\" content=\"Acerca de Strahl - Strahl\" \/>\n<meta property=\"og:description\" content=\"Strahl se ha convertido, con el tiempo, en un lider mundial en el sector de secadores de cereales\" \/>\n<meta property=\"og:url\" content=\"https:\/\/strahlgraindryers.com\/es\/acerca-de-strahl\/\" \/>\n<meta property=\"og:site_name\" content=\"Strahl\" \/>\n<meta property=\"article:publisher\" content=\"https:\/\/www.linkedin.com\/company\/strahl-srl\/\" \/>\n<meta property=\"article:modified_time\" content=\"2025-07-04T12:58:00+00:00\" \/>\n<meta property=\"og:image\" content=\"https:\/\/strahlgraindryers.com\/wp-content\/uploads\/2023\/10\/strahl_grain_drayer.jpg\" \/>\n\t<meta property=\"og:image:width\" content=\"1920\" \/>\n\t<meta property=\"og:image:height\" content=\"1282\" \/>\n\t<meta property=\"og:image:type\" content=\"image\/jpeg\" \/>\n<meta name=\"twitter:card\" content=\"summary_large_image\" \/>\n<meta name=\"twitter:label1\" content=\"Tiempo de lectura\" \/>\n\t<meta name=\"twitter:data1\" content=\"2 minutos\" \/>\n<script type=\"application\/ld+json\" class=\"yoast-schema-graph\">{\"@context\":\"https:\\\/\\\/schema.org\",\"@graph\":[{\"@type\":\"WebPage\",\"@id\":\"https:\\\/\\\/strahlgraindryers.com\\\/es\\\/acerca-de-strahl\\\/\",\"url\":\"https:\\\/\\\/strahlgraindryers.com\\\/es\\\/acerca-de-strahl\\\/\",\"name\":\"Acerca de Strahl - Strahl\",\"isPartOf\":{\"@id\":\"https:\\\/\\\/strahlgraindryers.com\\\/es\\\/#website\"},\"primaryImageOfPage\":{\"@id\":\"https:\\\/\\\/strahlgraindryers.com\\\/es\\\/acerca-de-strahl\\\/#primaryimage\"},\"image\":{\"@id\":\"https:\\\/\\\/strahlgraindryers.com\\\/es\\\/acerca-de-strahl\\\/#primaryimage\"},\"thumbnailUrl\":\"https:\\\/\\\/strahlgraindryers.com\\\/wp-content\\\/uploads\\\/2023\\\/10\\\/strahl_grain_drayer.jpg\",\"datePublished\":\"2023-10-26T07:31:20+00:00\",\"dateModified\":\"2025-07-04T12:58:00+00:00\",\"description\":\"Strahl se ha convertido, con el tiempo, en un lider mundial en el sector de secadores de cereales\",\"breadcrumb\":{\"@id\":\"https:\\\/\\\/strahlgraindryers.com\\\/es\\\/acerca-de-strahl\\\/#breadcrumb\"},\"inLanguage\":\"es\",\"potentialAction\":[{\"@type\":\"ReadAction\",\"target\":[\"https:\\\/\\\/strahlgraindryers.com\\\/es\\\/acerca-de-strahl\\\/\"]}]},{\"@type\":\"ImageObject\",\"inLanguage\":\"es\",\"@id\":\"https:\\\/\\\/strahlgraindryers.com\\\/es\\\/acerca-de-strahl\\\/#primaryimage\",\"url\":\"https:\\\/\\\/strahlgraindryers.com\\\/wp-content\\\/uploads\\\/2023\\\/10\\\/strahl_grain_drayer.jpg\",\"contentUrl\":\"https:\\\/\\\/strahlgraindryers.com\\\/wp-content\\\/uploads\\\/2023\\\/10\\\/strahl_grain_drayer.jpg\",\"width\":1920,\"height\":1282},{\"@type\":\"BreadcrumbList\",\"@id\":\"https:\\\/\\\/strahlgraindryers.com\\\/es\\\/acerca-de-strahl\\\/#breadcrumb\",\"itemListElement\":[{\"@type\":\"ListItem\",\"position\":1,\"name\":\"Home\",\"item\":\"https:\\\/\\\/strahlgraindryers.com\\\/es\\\/\"},{\"@type\":\"ListItem\",\"position\":2,\"name\":\"Acerca de Strahl\"}]},{\"@type\":\"WebSite\",\"@id\":\"https:\\\/\\\/strahlgraindryers.com\\\/es\\\/#website\",\"url\":\"https:\\\/\\\/strahlgraindryers.com\\\/es\\\/\",\"name\":\"https:\\\/\\\/strahlgraindryers.com\\\/\",\"description\":\"Grain Dryers\",\"publisher\":{\"@id\":\"https:\\\/\\\/strahlgraindryers.com\\\/es\\\/#organization\"},\"potentialAction\":[{\"@type\":\"SearchAction\",\"target\":{\"@type\":\"EntryPoint\",\"urlTemplate\":\"https:\\\/\\\/strahlgraindryers.com\\\/es\\\/?s={search_term_string}\"},\"query-input\":{\"@type\":\"PropertyValueSpecification\",\"valueRequired\":true,\"valueName\":\"search_term_string\"}}],\"inLanguage\":\"es\"},{\"@type\":\"Organization\",\"@id\":\"https:\\\/\\\/strahlgraindryers.com\\\/es\\\/#organization\",\"name\":\"Strahl\",\"url\":\"https:\\\/\\\/strahlgraindryers.com\\\/es\\\/\",\"logo\":{\"@type\":\"ImageObject\",\"inLanguage\":\"es\",\"@id\":\"https:\\\/\\\/strahlgraindryers.com\\\/es\\\/#\\\/schema\\\/logo\\\/image\\\/\",\"url\":\"https:\\\/\\\/strahlgraindryers.com\\\/wp-content\\\/uploads\\\/2023\\\/11\\\/Strahl_logo.jpg\",\"contentUrl\":\"https:\\\/\\\/strahlgraindryers.com\\\/wp-content\\\/uploads\\\/2023\\\/11\\\/Strahl_logo.jpg\",\"width\":640,\"height\":140,\"caption\":\"Strahl\"},\"image\":{\"@id\":\"https:\\\/\\\/strahlgraindryers.com\\\/es\\\/#\\\/schema\\\/logo\\\/image\\\/\"},\"sameAs\":[\"https:\\\/\\\/www.linkedin.com\\\/company\\\/strahl-srl\\\/\"]}]}<\/script>\n<!-- \/ Yoast SEO plugin. -->","yoast_head_json":{"title":"Acerca de Strahl - Strahl","description":"Strahl se ha convertido, con el tiempo, en un lider mundial en el sector de secadores de cereales","robots":{"index":"index","follow":"follow","max-snippet":"max-snippet:-1","max-image-preview":"max-image-preview:large","max-video-preview":"max-video-preview:-1"},"canonical":"https:\/\/strahlgraindryers.com\/es\/acerca-de-strahl\/","og_locale":"es_ES","og_type":"article","og_title":"Acerca de Strahl - Strahl","og_description":"Strahl se ha convertido, con el tiempo, en un lider mundial en el sector de secadores de cereales","og_url":"https:\/\/strahlgraindryers.com\/es\/acerca-de-strahl\/","og_site_name":"Strahl","article_publisher":"https:\/\/www.linkedin.com\/company\/strahl-srl\/","article_modified_time":"2025-07-04T12:58:00+00:00","og_image":[{"width":1920,"height":1282,"url":"https:\/\/strahlgraindryers.com\/wp-content\/uploads\/2023\/10\/strahl_grain_drayer.jpg","type":"image\/jpeg"}],"twitter_card":"summary_large_image","twitter_misc":{"Tiempo de lectura":"2 minutos"},"schema":{"@context":"https:\/\/schema.org","@graph":[{"@type":"WebPage","@id":"https:\/\/strahlgraindryers.com\/es\/acerca-de-strahl\/","url":"https:\/\/strahlgraindryers.com\/es\/acerca-de-strahl\/","name":"Acerca de Strahl - Strahl","isPartOf":{"@id":"https:\/\/strahlgraindryers.com\/es\/#website"},"primaryImageOfPage":{"@id":"https:\/\/strahlgraindryers.com\/es\/acerca-de-strahl\/#primaryimage"},"image":{"@id":"https:\/\/strahlgraindryers.com\/es\/acerca-de-strahl\/#primaryimage"},"thumbnailUrl":"https:\/\/strahlgraindryers.com\/wp-content\/uploads\/2023\/10\/strahl_grain_drayer.jpg","datePublished":"2023-10-26T07:31:20+00:00","dateModified":"2025-07-04T12:58:00+00:00","description":"Strahl se ha convertido, con el tiempo, en un lider mundial en el sector de secadores de cereales","breadcrumb":{"@id":"https:\/\/strahlgraindryers.com\/es\/acerca-de-strahl\/#breadcrumb"},"inLanguage":"es","potentialAction":[{"@type":"ReadAction","target":["https:\/\/strahlgraindryers.com\/es\/acerca-de-strahl\/"]}]},{"@type":"ImageObject","inLanguage":"es","@id":"https:\/\/strahlgraindryers.com\/es\/acerca-de-strahl\/#primaryimage","url":"https:\/\/strahlgraindryers.com\/wp-content\/uploads\/2023\/10\/strahl_grain_drayer.jpg","contentUrl":"https:\/\/strahlgraindryers.com\/wp-content\/uploads\/2023\/10\/strahl_grain_drayer.jpg","width":1920,"height":1282},{"@type":"BreadcrumbList","@id":"https:\/\/strahlgraindryers.com\/es\/acerca-de-strahl\/#breadcrumb","itemListElement":[{"@type":"ListItem","position":1,"name":"Home","item":"https:\/\/strahlgraindryers.com\/es\/"},{"@type":"ListItem","position":2,"name":"Acerca de Strahl"}]},{"@type":"WebSite","@id":"https:\/\/strahlgraindryers.com\/es\/#website","url":"https:\/\/strahlgraindryers.com\/es\/","name":"https:\/\/strahlgraindryers.com\/","description":"Grain Dryers","publisher":{"@id":"https:\/\/strahlgraindryers.com\/es\/#organization"},"potentialAction":[{"@type":"SearchAction","target":{"@type":"EntryPoint","urlTemplate":"https:\/\/strahlgraindryers.com\/es\/?s={search_term_string}"},"query-input":{"@type":"PropertyValueSpecification","valueRequired":true,"valueName":"search_term_string"}}],"inLanguage":"es"},{"@type":"Organization","@id":"https:\/\/strahlgraindryers.com\/es\/#organization","name":"Strahl","url":"https:\/\/strahlgraindryers.com\/es\/","logo":{"@type":"ImageObject","inLanguage":"es","@id":"https:\/\/strahlgraindryers.com\/es\/#\/schema\/logo\/image\/","url":"https:\/\/strahlgraindryers.com\/wp-content\/uploads\/2023\/11\/Strahl_logo.jpg","contentUrl":"https:\/\/strahlgraindryers.com\/wp-content\/uploads\/2023\/11\/Strahl_logo.jpg","width":640,"height":140,"caption":"Strahl"},"image":{"@id":"https:\/\/strahlgraindryers.com\/es\/#\/schema\/logo\/image\/"},"sameAs":["https:\/\/www.linkedin.com\/company\/strahl-srl\/"]}]}},"_links":{"self":[{"href":"https:\/\/strahlgraindryers.com\/es\/wp-json\/wp\/v2\/pages\/2442","targetHints":{"allow":["GET"]}}],"collection":[{"href":"https:\/\/strahlgraindryers.com\/es\/wp-json\/wp\/v2\/pages"}],"about":[{"href":"https:\/\/strahlgraindryers.com\/es\/wp-json\/wp\/v2\/types\/page"}],"author":[{"embeddable":true,"href":"https:\/\/strahlgraindryers.com\/es\/wp-json\/wp\/v2\/users\/1"}],"replies":[{"embeddable":true,"href":"https:\/\/strahlgraindryers.com\/es\/wp-json\/wp\/v2\/comments?post=2442"}],"version-history":[{"count":1,"href":"https:\/\/strahlgraindryers.com\/es\/wp-json\/wp\/v2\/pages\/2442\/revisions"}],"predecessor-version":[{"id":2457,"href":"https:\/\/strahlgraindryers.com\/es\/wp-json\/wp\/v2\/pages\/2442\/revisions\/2457"}],"wp:featuredmedia":[{"embeddable":true,"href":"https:\/\/strahlgraindryers.com\/es\/wp-json\/wp\/v2\/media\/2259"}],"wp:attachment":[{"href":"https:\/\/strahlgraindryers.com\/es\/wp-json\/wp\/v2\/media?parent=2442"}],"curies":[{"name":"wp","href":"https:\/\/api.w.org\/{rel}","templated":true}]}}