{"id":2429,"date":"2023-10-25T11:16:42","date_gmt":"2023-10-25T09:16:42","guid":{"rendered":"http:\/\/localhost:8888\/strahl\/assistenza-clienti\/"},"modified":"2026-04-01T11:03:59","modified_gmt":"2026-04-01T09:03:59","slug":"servicio-al-cliente","status":"publish","type":"page","link":"https:\/\/strahlgraindryers.com\/es\/servicio-al-cliente\/","title":{"rendered":"Servicio al cliente"},"content":{"rendered":"<p>La fiabilidad, la experiencia y la voluntad son valores fundamentales para Strahl. El servicio de atenci\u00f3n al cliente acompa\u00f1a y cuida los secadores Strahl antes, durante y despu\u00e9s de su venta, ofreciendo a los compradores un servicio de asistencia e informaci\u00f3n amplio y preciso que se construye junto con el cliente y en funci\u00f3n de sus necesidades, respondiendo a cualquier duda, dificultad o problema t\u00e9cnico.<br \/>\n<strong>+39 329 1858010<\/strong><br \/>\n<strong>service@strahl.it<\/strong><\/p>\n","protected":false},"excerpt":{"rendered":"<p>La fiabilidad, la experiencia y la voluntad son valores fundamentales para Strahl. El servicio de atenci\u00f3n al cliente acompa\u00f1a y cuida los secadores Strahl antes, durante y despu\u00e9s de su venta, ofreciendo a los compradores un servicio de asistencia e informaci\u00f3n amplio y preciso que se construye junto con el cliente y en funci\u00f3n de [&hellip;]<\/p>\n","protected":false},"author":1,"featured_media":2431,"parent":0,"menu_order":0,"comment_status":"closed","ping_status":"closed","template":"template-page\/page-assistenza.php","meta":{"_acf_changed":false,"footnotes":""},"class_list":["post-2429","page","type-page","status-publish","has-post-thumbnail","hentry"],"acf":[],"yoast_head":"<!-- This site is optimized with the Yoast SEO plugin v27.6 - https:\/\/yoast.com\/product\/yoast-seo-wordpress\/ -->\n<title>Servicio al cliente - Strahl<\/title>\n<meta name=\"description\" content=\"La fiabilidad la experiencia y la voluntad son valores fundamentales para Strahl. El servicio de atenci\u00f3n al cliente\" \/>\n<meta name=\"robots\" content=\"index, follow, max-snippet:-1, max-image-preview:large, max-video-preview:-1\" \/>\n<link rel=\"canonical\" href=\"https:\/\/strahlgraindryers.com\/es\/servicio-al-cliente\/\" \/>\n<meta property=\"og:locale\" content=\"es_ES\" \/>\n<meta property=\"og:type\" content=\"article\" \/>\n<meta property=\"og:title\" content=\"Servicio al cliente - Strahl\" \/>\n<meta property=\"og:description\" content=\"La fiabilidad la experiencia y la voluntad son valores fundamentales para Strahl. El servicio de atenci\u00f3n al cliente\" \/>\n<meta property=\"og:url\" content=\"https:\/\/strahlgraindryers.com\/es\/servicio-al-cliente\/\" \/>\n<meta property=\"og:site_name\" content=\"Strahl\" \/>\n<meta property=\"article:publisher\" content=\"https:\/\/www.linkedin.com\/company\/strahl-srl\/\" \/>\n<meta property=\"article:modified_time\" content=\"2026-04-01T09:03:59+00:00\" \/>\n<meta property=\"og:image\" content=\"https:\/\/strahlgraindryers.com\/wp-content\/uploads\/2023\/10\/Strahl__553.jpg\" \/>\n\t<meta property=\"og:image:width\" content=\"1920\" \/>\n\t<meta property=\"og:image:height\" content=\"1080\" \/>\n\t<meta property=\"og:image:type\" content=\"image\/jpeg\" \/>\n<meta name=\"twitter:card\" content=\"summary_large_image\" \/>\n<meta name=\"twitter:label1\" content=\"Tiempo de lectura\" \/>\n\t<meta name=\"twitter:data1\" content=\"1 minuto\" \/>\n<script type=\"application\/ld+json\" class=\"yoast-schema-graph\">{\"@context\":\"https:\\\/\\\/schema.org\",\"@graph\":[{\"@type\":\"WebPage\",\"@id\":\"https:\\\/\\\/strahlgraindryers.com\\\/es\\\/servicio-al-cliente\\\/\",\"url\":\"https:\\\/\\\/strahlgraindryers.com\\\/es\\\/servicio-al-cliente\\\/\",\"name\":\"Servicio al cliente - Strahl\",\"isPartOf\":{\"@id\":\"https:\\\/\\\/strahlgraindryers.com\\\/es\\\/#website\"},\"primaryImageOfPage\":{\"@id\":\"https:\\\/\\\/strahlgraindryers.com\\\/es\\\/servicio-al-cliente\\\/#primaryimage\"},\"image\":{\"@id\":\"https:\\\/\\\/strahlgraindryers.com\\\/es\\\/servicio-al-cliente\\\/#primaryimage\"},\"thumbnailUrl\":\"https:\\\/\\\/strahlgraindryers.com\\\/wp-content\\\/uploads\\\/2023\\\/10\\\/Strahl__553.jpg\",\"datePublished\":\"2023-10-25T09:16:42+00:00\",\"dateModified\":\"2026-04-01T09:03:59+00:00\",\"description\":\"La fiabilidad la experiencia y la voluntad son valores fundamentales para Strahl. El servicio de atenci\u00f3n al cliente\",\"breadcrumb\":{\"@id\":\"https:\\\/\\\/strahlgraindryers.com\\\/es\\\/servicio-al-cliente\\\/#breadcrumb\"},\"inLanguage\":\"es\",\"potentialAction\":[{\"@type\":\"ReadAction\",\"target\":[\"https:\\\/\\\/strahlgraindryers.com\\\/es\\\/servicio-al-cliente\\\/\"]}]},{\"@type\":\"ImageObject\",\"inLanguage\":\"es\",\"@id\":\"https:\\\/\\\/strahlgraindryers.com\\\/es\\\/servicio-al-cliente\\\/#primaryimage\",\"url\":\"https:\\\/\\\/strahlgraindryers.com\\\/wp-content\\\/uploads\\\/2023\\\/10\\\/Strahl__553.jpg\",\"contentUrl\":\"https:\\\/\\\/strahlgraindryers.com\\\/wp-content\\\/uploads\\\/2023\\\/10\\\/Strahl__553.jpg\",\"width\":1920,\"height\":1080},{\"@type\":\"BreadcrumbList\",\"@id\":\"https:\\\/\\\/strahlgraindryers.com\\\/es\\\/servicio-al-cliente\\\/#breadcrumb\",\"itemListElement\":[{\"@type\":\"ListItem\",\"position\":1,\"name\":\"Portada\",\"item\":\"https:\\\/\\\/strahlgraindryers.com\\\/es\\\/\"},{\"@type\":\"ListItem\",\"position\":2,\"name\":\"Servicio al cliente\"}]},{\"@type\":\"WebSite\",\"@id\":\"https:\\\/\\\/strahlgraindryers.com\\\/es\\\/#website\",\"url\":\"https:\\\/\\\/strahlgraindryers.com\\\/es\\\/\",\"name\":\"Strahl\",\"description\":\"Grain Dryers\",\"potentialAction\":[{\"@type\":\"SearchAction\",\"target\":{\"@type\":\"EntryPoint\",\"urlTemplate\":\"https:\\\/\\\/strahlgraindryers.com\\\/es\\\/?s={search_term_string}\"},\"query-input\":{\"@type\":\"PropertyValueSpecification\",\"valueRequired\":true,\"valueName\":\"search_term_string\"}}],\"inLanguage\":\"es\"}]}<\/script>\n<!-- \/ Yoast SEO plugin. -->","yoast_head_json":{"title":"Servicio al cliente - Strahl","description":"La fiabilidad la experiencia y la voluntad son valores fundamentales para Strahl. El servicio de atenci\u00f3n al cliente","robots":{"index":"index","follow":"follow","max-snippet":"max-snippet:-1","max-image-preview":"max-image-preview:large","max-video-preview":"max-video-preview:-1"},"canonical":"https:\/\/strahlgraindryers.com\/es\/servicio-al-cliente\/","og_locale":"es_ES","og_type":"article","og_title":"Servicio al cliente - Strahl","og_description":"La fiabilidad la experiencia y la voluntad son valores fundamentales para Strahl. El servicio de atenci\u00f3n al cliente","og_url":"https:\/\/strahlgraindryers.com\/es\/servicio-al-cliente\/","og_site_name":"Strahl","article_publisher":"https:\/\/www.linkedin.com\/company\/strahl-srl\/","article_modified_time":"2026-04-01T09:03:59+00:00","og_image":[{"width":1920,"height":1080,"url":"https:\/\/strahlgraindryers.com\/wp-content\/uploads\/2023\/10\/Strahl__553.jpg","type":"image\/jpeg"}],"twitter_card":"summary_large_image","twitter_misc":{"Tiempo de lectura":"1 minuto"},"schema":{"@context":"https:\/\/schema.org","@graph":[{"@type":"WebPage","@id":"https:\/\/strahlgraindryers.com\/es\/servicio-al-cliente\/","url":"https:\/\/strahlgraindryers.com\/es\/servicio-al-cliente\/","name":"Servicio al cliente - Strahl","isPartOf":{"@id":"https:\/\/strahlgraindryers.com\/es\/#website"},"primaryImageOfPage":{"@id":"https:\/\/strahlgraindryers.com\/es\/servicio-al-cliente\/#primaryimage"},"image":{"@id":"https:\/\/strahlgraindryers.com\/es\/servicio-al-cliente\/#primaryimage"},"thumbnailUrl":"https:\/\/strahlgraindryers.com\/wp-content\/uploads\/2023\/10\/Strahl__553.jpg","datePublished":"2023-10-25T09:16:42+00:00","dateModified":"2026-04-01T09:03:59+00:00","description":"La fiabilidad la experiencia y la voluntad son valores fundamentales para Strahl. El servicio de atenci\u00f3n al cliente","breadcrumb":{"@id":"https:\/\/strahlgraindryers.com\/es\/servicio-al-cliente\/#breadcrumb"},"inLanguage":"es","potentialAction":[{"@type":"ReadAction","target":["https:\/\/strahlgraindryers.com\/es\/servicio-al-cliente\/"]}]},{"@type":"ImageObject","inLanguage":"es","@id":"https:\/\/strahlgraindryers.com\/es\/servicio-al-cliente\/#primaryimage","url":"https:\/\/strahlgraindryers.com\/wp-content\/uploads\/2023\/10\/Strahl__553.jpg","contentUrl":"https:\/\/strahlgraindryers.com\/wp-content\/uploads\/2023\/10\/Strahl__553.jpg","width":1920,"height":1080},{"@type":"BreadcrumbList","@id":"https:\/\/strahlgraindryers.com\/es\/servicio-al-cliente\/#breadcrumb","itemListElement":[{"@type":"ListItem","position":1,"name":"Portada","item":"https:\/\/strahlgraindryers.com\/es\/"},{"@type":"ListItem","position":2,"name":"Servicio al cliente"}]},{"@type":"WebSite","@id":"https:\/\/strahlgraindryers.com\/es\/#website","url":"https:\/\/strahlgraindryers.com\/es\/","name":"Strahl","description":"Grain Dryers","potentialAction":[{"@type":"SearchAction","target":{"@type":"EntryPoint","urlTemplate":"https:\/\/strahlgraindryers.com\/es\/?s={search_term_string}"},"query-input":{"@type":"PropertyValueSpecification","valueRequired":true,"valueName":"search_term_string"}}],"inLanguage":"es"}]}},"_links":{"self":[{"href":"https:\/\/strahlgraindryers.com\/es\/wp-json\/wp\/v2\/pages\/2429","targetHints":{"allow":["GET"]}}],"collection":[{"href":"https:\/\/strahlgraindryers.com\/es\/wp-json\/wp\/v2\/pages"}],"about":[{"href":"https:\/\/strahlgraindryers.com\/es\/wp-json\/wp\/v2\/types\/page"}],"author":[{"embeddable":true,"href":"https:\/\/strahlgraindryers.com\/es\/wp-json\/wp\/v2\/users\/1"}],"replies":[{"embeddable":true,"href":"https:\/\/strahlgraindryers.com\/es\/wp-json\/wp\/v2\/comments?post=2429"}],"version-history":[{"count":0,"href":"https:\/\/strahlgraindryers.com\/es\/wp-json\/wp\/v2\/pages\/2429\/revisions"}],"wp:featuredmedia":[{"embeddable":true,"href":"https:\/\/strahlgraindryers.com\/es\/wp-json\/wp\/v2\/media\/2431"}],"wp:attachment":[{"href":"https:\/\/strahlgraindryers.com\/es\/wp-json\/wp\/v2\/media?parent=2429"}],"curies":[{"name":"wp","href":"https:\/\/api.w.org\/{rel}","templated":true}]}}