{"id":2272,"date":"2023-10-16T11:31:02","date_gmt":"2023-10-16T09:31:02","guid":{"rendered":"https:\/\/strahlgraindryers.com\/essiccatoi-fissi\/"},"modified":"2025-07-04T12:05:46","modified_gmt":"2025-07-04T10:05:46","slug":"secadores-estacionarios","status":"publish","type":"page","link":"https:\/\/strahlgraindryers.com\/es\/secadores-estacionarios\/","title":{"rendered":"Secadores estacionarios"},"content":{"rendered":"<p>Nuestra gama de secadores estacionarios ha sido estudiada para responder a las demandas de los clientes que procesan una amplia gama de productos. Su construcci\u00f3n garantiza una gran flexibilidad y la m\u00e1xima precisi\u00f3n en el control del proceso, adapt\u00e1ndose a las caracteristicas espec\u00edficas de una amplia gama de productos. Su dise\u00f1o modular permite adaptar la capacidad de carga a las necesidades individuales de cada negocio, mientras que la estudiada arquitectura de la estructura y la calidad de los materiales y procesos de montaje permite a nuestros secaderos mantener un rendimiento constante en el tiempo, aprovechando al maximo la inversi\u00f3n de nuestros clientes.<\/p>\n","protected":false},"excerpt":{"rendered":"<p>Nuestra gama de secadores estacionarios ha sido estudiada para responder a las demandas de los clientes que procesan una amplia gama de productos. Su construcci\u00f3n garantiza una gran flexibilidad y la m\u00e1xima precisi\u00f3n en el control del proceso, adapt\u00e1ndose a las caracteristicas espec\u00edficas de una amplia gama de productos. Su dise\u00f1o modular permite adaptar la [&hellip;]<\/p>\n","protected":false},"author":1,"featured_media":2274,"parent":0,"menu_order":0,"comment_status":"closed","ping_status":"closed","template":"template-page\/page-essiccatoi.php","meta":{"_acf_changed":false,"footnotes":""},"class_list":["post-2272","page","type-page","status-publish","has-post-thumbnail","hentry"],"acf":[],"yoast_head":"<!-- This site is optimized with the Yoast SEO plugin v27.2 - https:\/\/yoast.com\/product\/yoast-seo-wordpress\/ -->\n<title>Secadores estacionarios - Strahl<\/title>\n<meta name=\"description\" content=\"Gli Essiccatoi fissi sono ideali per trattare cereali legumi prodotti alimentari in modo controllato, uniforme con soluzioni continue e batch\" \/>\n<meta name=\"robots\" content=\"index, follow, max-snippet:-1, max-image-preview:large, max-video-preview:-1\" \/>\n<link rel=\"canonical\" href=\"https:\/\/strahlgraindryers.com\/es\/secadores-estacionarios\/\" \/>\n<meta property=\"og:locale\" content=\"es_ES\" \/>\n<meta property=\"og:type\" content=\"article\" \/>\n<meta property=\"og:title\" content=\"Secadores estacionarios - Strahl\" \/>\n<meta property=\"og:description\" content=\"Gli Essiccatoi fissi sono ideali per trattare cereali legumi prodotti alimentari in modo controllato, uniforme con soluzioni continue e batch\" \/>\n<meta property=\"og:url\" content=\"https:\/\/strahlgraindryers.com\/es\/secadores-estacionarios\/\" \/>\n<meta property=\"og:site_name\" content=\"Strahl\" \/>\n<meta property=\"article:publisher\" content=\"https:\/\/www.linkedin.com\/company\/strahl-srl\/\" \/>\n<meta property=\"article:modified_time\" content=\"2025-07-04T10:05:46+00:00\" \/>\n<meta property=\"og:image\" content=\"https:\/\/strahlgraindryers.com\/wp-content\/uploads\/2023\/10\/essiccatoi_serie_FR.jpg\" \/>\n\t<meta property=\"og:image:width\" content=\"1920\" \/>\n\t<meta property=\"og:image:height\" content=\"1282\" \/>\n\t<meta property=\"og:image:type\" content=\"image\/jpeg\" \/>\n<meta name=\"twitter:card\" content=\"summary_large_image\" \/>\n<meta name=\"twitter:label1\" content=\"Tiempo de lectura\" \/>\n\t<meta name=\"twitter:data1\" content=\"1 minuto\" \/>\n<script type=\"application\/ld+json\" class=\"yoast-schema-graph\">{\"@context\":\"https:\/\/schema.org\",\"@graph\":[{\"@type\":\"WebPage\",\"@id\":\"https:\/\/strahlgraindryers.com\/es\/secadores-estacionarios\/\",\"url\":\"https:\/\/strahlgraindryers.com\/es\/secadores-estacionarios\/\",\"name\":\"Secadores estacionarios - Strahl\",\"isPartOf\":{\"@id\":\"https:\/\/strahlgraindryers.com\/es\/#website\"},\"primaryImageOfPage\":{\"@id\":\"https:\/\/strahlgraindryers.com\/es\/secadores-estacionarios\/#primaryimage\"},\"image\":{\"@id\":\"https:\/\/strahlgraindryers.com\/es\/secadores-estacionarios\/#primaryimage\"},\"thumbnailUrl\":\"https:\/\/strahlgraindryers.com\/wp-content\/uploads\/2023\/10\/essiccatoi_serie_FR.jpg\",\"datePublished\":\"2023-10-16T09:31:02+00:00\",\"dateModified\":\"2025-07-04T10:05:46+00:00\",\"description\":\"Gli Essiccatoi fissi sono ideali per trattare cereali legumi prodotti alimentari in modo controllato, uniforme con soluzioni continue e batch\",\"breadcrumb\":{\"@id\":\"https:\/\/strahlgraindryers.com\/es\/secadores-estacionarios\/#breadcrumb\"},\"inLanguage\":\"es\",\"potentialAction\":[{\"@type\":\"ReadAction\",\"target\":[\"https:\/\/strahlgraindryers.com\/es\/secadores-estacionarios\/\"]}]},{\"@type\":\"ImageObject\",\"inLanguage\":\"es\",\"@id\":\"https:\/\/strahlgraindryers.com\/es\/secadores-estacionarios\/#primaryimage\",\"url\":\"https:\/\/strahlgraindryers.com\/wp-content\/uploads\/2023\/10\/essiccatoi_serie_FR.jpg\",\"contentUrl\":\"https:\/\/strahlgraindryers.com\/wp-content\/uploads\/2023\/10\/essiccatoi_serie_FR.jpg\",\"width\":1920,\"height\":1282},{\"@type\":\"BreadcrumbList\",\"@id\":\"https:\/\/strahlgraindryers.com\/es\/secadores-estacionarios\/#breadcrumb\",\"itemListElement\":[{\"@type\":\"ListItem\",\"position\":1,\"name\":\"Home\",\"item\":\"https:\/\/strahlgraindryers.com\/es\/\"},{\"@type\":\"ListItem\",\"position\":2,\"name\":\"Secadores estacionarios\"}]},{\"@type\":\"WebSite\",\"@id\":\"https:\/\/strahlgraindryers.com\/es\/#website\",\"url\":\"https:\/\/strahlgraindryers.com\/es\/\",\"name\":\"https:\/\/strahlgraindryers.com\/\",\"description\":\"Grain Dryers\",\"publisher\":{\"@id\":\"https:\/\/strahlgraindryers.com\/es\/#organization\"},\"potentialAction\":[{\"@type\":\"SearchAction\",\"target\":{\"@type\":\"EntryPoint\",\"urlTemplate\":\"https:\/\/strahlgraindryers.com\/es\/?s={search_term_string}\"},\"query-input\":{\"@type\":\"PropertyValueSpecification\",\"valueRequired\":true,\"valueName\":\"search_term_string\"}}],\"inLanguage\":\"es\"},{\"@type\":\"Organization\",\"@id\":\"https:\/\/strahlgraindryers.com\/es\/#organization\",\"name\":\"Strahl\",\"url\":\"https:\/\/strahlgraindryers.com\/es\/\",\"logo\":{\"@type\":\"ImageObject\",\"inLanguage\":\"es\",\"@id\":\"https:\/\/strahlgraindryers.com\/es\/#\/schema\/logo\/image\/\",\"url\":\"https:\/\/strahlgraindryers.com\/wp-content\/uploads\/2023\/11\/Strahl_logo.jpg\",\"contentUrl\":\"https:\/\/strahlgraindryers.com\/wp-content\/uploads\/2023\/11\/Strahl_logo.jpg\",\"width\":640,\"height\":140,\"caption\":\"Strahl\"},\"image\":{\"@id\":\"https:\/\/strahlgraindryers.com\/es\/#\/schema\/logo\/image\/\"},\"sameAs\":[\"https:\/\/www.linkedin.com\/company\/strahl-srl\/\"]}]}<\/script>\n<!-- \/ Yoast SEO plugin. -->","yoast_head_json":{"title":"Secadores estacionarios - Strahl","description":"Gli Essiccatoi fissi sono ideali per trattare cereali legumi prodotti alimentari in modo controllato, uniforme con soluzioni continue e batch","robots":{"index":"index","follow":"follow","max-snippet":"max-snippet:-1","max-image-preview":"max-image-preview:large","max-video-preview":"max-video-preview:-1"},"canonical":"https:\/\/strahlgraindryers.com\/es\/secadores-estacionarios\/","og_locale":"es_ES","og_type":"article","og_title":"Secadores estacionarios - Strahl","og_description":"Gli Essiccatoi fissi sono ideali per trattare cereali legumi prodotti alimentari in modo controllato, uniforme con soluzioni continue e batch","og_url":"https:\/\/strahlgraindryers.com\/es\/secadores-estacionarios\/","og_site_name":"Strahl","article_publisher":"https:\/\/www.linkedin.com\/company\/strahl-srl\/","article_modified_time":"2025-07-04T10:05:46+00:00","og_image":[{"width":1920,"height":1282,"url":"https:\/\/strahlgraindryers.com\/wp-content\/uploads\/2023\/10\/essiccatoi_serie_FR.jpg","type":"image\/jpeg"}],"twitter_card":"summary_large_image","twitter_misc":{"Tiempo de lectura":"1 minuto"},"schema":{"@context":"https:\/\/schema.org","@graph":[{"@type":"WebPage","@id":"https:\/\/strahlgraindryers.com\/es\/secadores-estacionarios\/","url":"https:\/\/strahlgraindryers.com\/es\/secadores-estacionarios\/","name":"Secadores estacionarios - Strahl","isPartOf":{"@id":"https:\/\/strahlgraindryers.com\/es\/#website"},"primaryImageOfPage":{"@id":"https:\/\/strahlgraindryers.com\/es\/secadores-estacionarios\/#primaryimage"},"image":{"@id":"https:\/\/strahlgraindryers.com\/es\/secadores-estacionarios\/#primaryimage"},"thumbnailUrl":"https:\/\/strahlgraindryers.com\/wp-content\/uploads\/2023\/10\/essiccatoi_serie_FR.jpg","datePublished":"2023-10-16T09:31:02+00:00","dateModified":"2025-07-04T10:05:46+00:00","description":"Gli Essiccatoi fissi sono ideali per trattare cereali legumi prodotti alimentari in modo controllato, uniforme con soluzioni continue e batch","breadcrumb":{"@id":"https:\/\/strahlgraindryers.com\/es\/secadores-estacionarios\/#breadcrumb"},"inLanguage":"es","potentialAction":[{"@type":"ReadAction","target":["https:\/\/strahlgraindryers.com\/es\/secadores-estacionarios\/"]}]},{"@type":"ImageObject","inLanguage":"es","@id":"https:\/\/strahlgraindryers.com\/es\/secadores-estacionarios\/#primaryimage","url":"https:\/\/strahlgraindryers.com\/wp-content\/uploads\/2023\/10\/essiccatoi_serie_FR.jpg","contentUrl":"https:\/\/strahlgraindryers.com\/wp-content\/uploads\/2023\/10\/essiccatoi_serie_FR.jpg","width":1920,"height":1282},{"@type":"BreadcrumbList","@id":"https:\/\/strahlgraindryers.com\/es\/secadores-estacionarios\/#breadcrumb","itemListElement":[{"@type":"ListItem","position":1,"name":"Home","item":"https:\/\/strahlgraindryers.com\/es\/"},{"@type":"ListItem","position":2,"name":"Secadores estacionarios"}]},{"@type":"WebSite","@id":"https:\/\/strahlgraindryers.com\/es\/#website","url":"https:\/\/strahlgraindryers.com\/es\/","name":"https:\/\/strahlgraindryers.com\/","description":"Grain Dryers","publisher":{"@id":"https:\/\/strahlgraindryers.com\/es\/#organization"},"potentialAction":[{"@type":"SearchAction","target":{"@type":"EntryPoint","urlTemplate":"https:\/\/strahlgraindryers.com\/es\/?s={search_term_string}"},"query-input":{"@type":"PropertyValueSpecification","valueRequired":true,"valueName":"search_term_string"}}],"inLanguage":"es"},{"@type":"Organization","@id":"https:\/\/strahlgraindryers.com\/es\/#organization","name":"Strahl","url":"https:\/\/strahlgraindryers.com\/es\/","logo":{"@type":"ImageObject","inLanguage":"es","@id":"https:\/\/strahlgraindryers.com\/es\/#\/schema\/logo\/image\/","url":"https:\/\/strahlgraindryers.com\/wp-content\/uploads\/2023\/11\/Strahl_logo.jpg","contentUrl":"https:\/\/strahlgraindryers.com\/wp-content\/uploads\/2023\/11\/Strahl_logo.jpg","width":640,"height":140,"caption":"Strahl"},"image":{"@id":"https:\/\/strahlgraindryers.com\/es\/#\/schema\/logo\/image\/"},"sameAs":["https:\/\/www.linkedin.com\/company\/strahl-srl\/"]}]}},"_links":{"self":[{"href":"https:\/\/strahlgraindryers.com\/es\/wp-json\/wp\/v2\/pages\/2272","targetHints":{"allow":["GET"]}}],"collection":[{"href":"https:\/\/strahlgraindryers.com\/es\/wp-json\/wp\/v2\/pages"}],"about":[{"href":"https:\/\/strahlgraindryers.com\/es\/wp-json\/wp\/v2\/types\/page"}],"author":[{"embeddable":true,"href":"https:\/\/strahlgraindryers.com\/es\/wp-json\/wp\/v2\/users\/1"}],"replies":[{"embeddable":true,"href":"https:\/\/strahlgraindryers.com\/es\/wp-json\/wp\/v2\/comments?post=2272"}],"version-history":[{"count":2,"href":"https:\/\/strahlgraindryers.com\/es\/wp-json\/wp\/v2\/pages\/2272\/revisions"}],"predecessor-version":[{"id":2286,"href":"https:\/\/strahlgraindryers.com\/es\/wp-json\/wp\/v2\/pages\/2272\/revisions\/2286"}],"wp:featuredmedia":[{"embeddable":true,"href":"https:\/\/strahlgraindryers.com\/es\/wp-json\/wp\/v2\/media\/2274"}],"wp:attachment":[{"href":"https:\/\/strahlgraindryers.com\/es\/wp-json\/wp\/v2\/media?parent=2272"}],"curies":[{"name":"wp","href":"https:\/\/api.w.org\/{rel}","templated":true}]}}